{"id":10140,"date":"2025-10-18T07:37:34","date_gmt":"2025-10-18T07:37:34","guid":{"rendered":"https:\/\/synergiaacademy.com\/?page_id=10140"},"modified":"2026-01-10T13:52:54","modified_gmt":"2026-01-10T13:52:54","slug":"faaliyet-alanlarimiz","status":"publish","type":"page","link":"https:\/\/synergiaacademy.com\/?page_id=10140","title":{"rendered":"E\u011fitimler"},"content":{"rendered":"<div class=\"wpb-content-wrapper\"><div class=\"vc_row wpb_row vc_row-fluid gt-background-position-initial gt-background-attachment-initial gt-overflow-hidden gt-text-default\"><div class=\"wpb_column vc_column_container vc_col-sm-12 vc_col-lg-1 vc_col-md-1 vc_col-xs-12\"><div class=\"vc_column-inner\"><div class=\"wpb_wrapper\"><\/div><\/div><\/div><div class=\"wpb_column vc_column_container vc_col-sm-12 vc_col-lg-10 vc_col-md-10 vc_col-xs-12\"><div class=\"vc_column-inner\"><div class=\"wpb_wrapper\"><div class=\"gt-heading gt-dark gt-size1 gt-align-left\"><div class=\"gt-title\">Synergia Academy \u00fclkemizdeki finansal okuryazarl\u0131k alan\u0131ndaki bo\u015flu\u011fu doldurmak amac\u0131yla yola \u00e7\u0131km\u0131\u015ft\u0131r<\/div><div class=\"gt-separate\"><div class=\"gt-icon\"><svg xmlns=\"http:\/\/www.w3.org\/2000\/svg\" width=\"24\" height=\"24\" viewBox=\"0 0 24 24\" fill=\"none\" stroke=\"currentColor\" stroke-width=\"2\" stroke-linecap=\"round\" stroke-linejoin=\"round\"><line x1=\"16.5\" y1=\"9.4\" x2=\"7.5\" y2=\"4.21\"><\/line><path d=\"M21 16V8a2 2 0 0 0-1-1.73l-7-4a2 2 0 0 0-2 0l-7 4A2 2 0 0 0 3 8v8a2 2 0 0 0 1 1.73l7 4a2 2 0 0 0 2 0l7-4A2 2 0 0 0 21 16z\"><\/path><polyline points=\"3.27 6.96 12 12.01 20.73 6.96\"><\/polyline><line x1=\"12\" y1=\"22.08\" x2=\"12\" y2=\"12\"><\/line><\/svg><\/div><\/div><\/div><div class=\"vc_empty_space\"   style=\"height: 45px\"><span class=\"vc_empty_space_inner\"><\/span><\/div>\n\t<div class=\"wpb_text_column wpb_content_element vc_custom_1767194870915\" >\n\t\t<div class=\"wpb_wrapper\">\n\t\t\t<p style=\"opacity: 0.8; font-size: 1.37rem; text-align: left;\">Piyasada bilgi ve fark\u0131ndal\u0131k d\u00fczeyi y\u00fcksek yat\u0131r\u0131mc\u0131lar\u0131n artmas\u0131n\u0131n yat\u0131r\u0131m ekosistemi i\u00e7indeki t\u00fcm payda\u015flar\u0131n kazan\u00e7 dengesine katk\u0131 sa\u011flayaca\u011f\u0131 inanc\u0131yla; Akademisyenler, Sermaye Piyasas\u0131 Lisanslar\u0131na sahip uzmanlar, \u00fcniversiteler, teknokentler, Ticaret Odalar\u0131, Sanayi Odalar\u0131 ve \u00e7e\u015fitli yerel y\u00f6netim unsurlar\u0131 ile i\u015fbirli\u011fi i\u00e7erisinde toplumumuzun do\u011fru varl\u0131k, para ve nakit y\u00f6netimi i\u00e7in e\u011fitimler d\u00fczenliyoruz.<\/p>\n\n\t\t<\/div>\n\t<\/div>\n<div class=\"vc_empty_space\"   style=\"height: 40px\"><span class=\"vc_empty_space_inner\"><\/span><\/div><\/div><\/div><\/div><div class=\"wpb_column vc_column_container vc_col-sm-12 vc_col-lg-1 vc_col-md-1 vc_col-xs-12\"><div class=\"vc_column-inner\"><div class=\"wpb_wrapper\"><\/div><\/div><\/div><\/div><div class=\"vc_row wpb_row vc_row-fluid gt-background-position-initial gt-background-attachment-initial gt-overflow-hidden gt-text-default\"><div class=\"wpb_column vc_column_container vc_col-sm-3\"><div class=\"vc_column-inner\"><div class=\"wpb_wrapper\">\n\t<div  class=\"wpb_single_image wpb_content_element vc_align_left wpb_content_element\">\n\t\t\n\t\t<figure class=\"wpb_wrapper vc_figure\">\n\t\t\t<div class=\"vc_single_image-wrapper   vc_box_border_grey\"><img fetchpriority=\"high\" decoding=\"async\" width=\"650\" height=\"1130\" src=\"https:\/\/synergiaacademy.com\/wp-content\/uploads\/2025\/11\/IMG_0753.png\" class=\"vc_single_image-img attachment-full\" alt=\"\" title=\"IMG_0753\" srcset=\"https:\/\/synergiaacademy.com\/wp-content\/uploads\/2025\/11\/IMG_0753.png 650w, https:\/\/synergiaacademy.com\/wp-content\/uploads\/2025\/11\/IMG_0753-173x300.png 173w, https:\/\/synergiaacademy.com\/wp-content\/uploads\/2025\/11\/IMG_0753-589x1024.png 589w, https:\/\/synergiaacademy.com\/wp-content\/uploads\/2025\/11\/IMG_0753-7x12.png 7w, https:\/\/synergiaacademy.com\/wp-content\/uploads\/2025\/11\/IMG_0753-600x1043.png 600w\" sizes=\"(max-width: 650px) 100vw, 650px\" \/><\/div>\n\t\t<\/figure>\n\t<\/div>\n\n\t<div class=\"wpb_text_column wpb_content_element\" >\n\t\t<div class=\"wpb_wrapper\">\n\t\t\t<h4 style=\"text-align: left;\"><strong>Temel Analiz E\u011fitimleri<\/strong><\/h4>\n<p style=\"text-align: left;\"><span style=\"color: #000000;\">\u015eirketlerin finansal tablolar\u0131, sekt\u00f6r dinamikleri ve makroekonomik veriler \u00fczerinden uzun vadeli yat\u0131r\u0131m stratejileri olu\u015fturmay\u0131 \u00f6\u011fretir. Hissenin ger\u00e7ek de\u011ferini hesaplama ve rasyonel yat\u0131r\u0131m kararlar\u0131 alma becerisi kazand\u0131r\u0131r.<\/span><\/p>\n\n\t\t<\/div>\n\t<\/div>\n<div class=\"vc_row wpb_row vc_inner vc_row-fluid\"><div class=\"wpb_column vc_column_container vc_col-sm-3\"><div class=\"vc_column-inner\"><div class=\"wpb_wrapper\"><\/div><\/div><\/div><div class=\"wpb_column vc_column_container vc_col-sm-6\"><div class=\"vc_column-inner\"><div class=\"wpb_wrapper\"><div class=\"vc_btn3-container vc_btn3-inline vc_do_btn\" ><a class=\"vc_general vc_btn3 vc_btn3-size-md vc_btn3-shape-rounded vc_btn3-style-modern vc_btn3-color-grey\" href=\"https:\/\/synergiaacademy.com\/?page_id=875\" title=\"\" target=\"_blank\">Ba\u015fvuru Formu<\/a><\/div><\/div><\/div><\/div><div class=\"wpb_column vc_column_container vc_col-sm-3\"><div class=\"vc_column-inner\"><div class=\"wpb_wrapper\"><\/div><\/div><\/div><\/div><\/div><\/div><\/div><div class=\"wpb_column vc_column_container vc_col-sm-3\"><div class=\"vc_column-inner\"><div class=\"wpb_wrapper\">\n\t<div  class=\"wpb_single_image wpb_content_element vc_align_left wpb_content_element\">\n\t\t\n\t\t<figure class=\"wpb_wrapper vc_figure\">\n\t\t\t<div class=\"vc_single_image-wrapper   vc_box_border_grey\"><img decoding=\"async\" width=\"650\" height=\"1130\" src=\"https:\/\/synergiaacademy.com\/wp-content\/uploads\/2025\/11\/IMG_0751.png\" class=\"vc_single_image-img attachment-full\" alt=\"\" title=\"IMG_0751\" srcset=\"https:\/\/synergiaacademy.com\/wp-content\/uploads\/2025\/11\/IMG_0751.png 650w, https:\/\/synergiaacademy.com\/wp-content\/uploads\/2025\/11\/IMG_0751-173x300.png 173w, https:\/\/synergiaacademy.com\/wp-content\/uploads\/2025\/11\/IMG_0751-589x1024.png 589w, https:\/\/synergiaacademy.com\/wp-content\/uploads\/2025\/11\/IMG_0751-7x12.png 7w, https:\/\/synergiaacademy.com\/wp-content\/uploads\/2025\/11\/IMG_0751-600x1043.png 600w\" sizes=\"(max-width: 650px) 100vw, 650px\" \/><\/div>\n\t\t<\/figure>\n\t<\/div>\n\n\t<div class=\"wpb_text_column wpb_content_element\" >\n\t\t<div class=\"wpb_wrapper\">\n\t\t\t<h4 style=\"text-align: left;\"><strong>Teknik Analiz E\u011fitimleri<\/strong><\/h4>\n<p style=\"text-align: left;\">Fiyat hareketlerini grafikler ve g\u00f6stergeler \u00fczerinden analiz etmeye odaklan\u0131r. Kat\u0131l\u0131mc\u0131lar, trend takibi, destek-diren\u00e7 b\u00f6lgeleri ve indikat\u00f6r yorumlama teknikleriyle k\u0131sa ve orta vadeli i\u015flem stratejileri geli\u015ftirir.<\/p>\n\n\t\t<\/div>\n\t<\/div>\n<div class=\"vc_row wpb_row vc_inner vc_row-fluid\"><div class=\"wpb_column vc_column_container vc_col-sm-3\"><div class=\"vc_column-inner\"><div class=\"wpb_wrapper\"><\/div><\/div><\/div><div class=\"wpb_column vc_column_container vc_col-sm-6\"><div class=\"vc_column-inner\"><div class=\"wpb_wrapper\"><div class=\"vc_btn3-container vc_btn3-inline vc_do_btn\" ><a class=\"vc_general vc_btn3 vc_btn3-size-md vc_btn3-shape-rounded vc_btn3-style-modern vc_btn3-color-grey\" href=\"https:\/\/synergiaacademy.com\/?page_id=875\" title=\"\" target=\"_blank\">Ba\u015fvuru Formu<\/a><\/div><\/div><\/div><\/div><div class=\"wpb_column vc_column_container vc_col-sm-3\"><div class=\"vc_column-inner\"><div class=\"wpb_wrapper\"><\/div><\/div><\/div><\/div><\/div><\/div><\/div><div class=\"wpb_column vc_column_container vc_col-sm-3\"><div class=\"vc_column-inner\"><div class=\"wpb_wrapper\">\n\t<div  class=\"wpb_single_image wpb_content_element vc_align_left wpb_content_element\">\n\t\t\n\t\t<figure class=\"wpb_wrapper vc_figure\">\n\t\t\t<div class=\"vc_single_image-wrapper   vc_box_border_grey\"><img decoding=\"async\" width=\"650\" height=\"1130\" src=\"https:\/\/synergiaacademy.com\/wp-content\/uploads\/2025\/11\/IMG_0754.png\" class=\"vc_single_image-img attachment-full\" alt=\"\" title=\"IMG_0754\" srcset=\"https:\/\/synergiaacademy.com\/wp-content\/uploads\/2025\/11\/IMG_0754.png 650w, https:\/\/synergiaacademy.com\/wp-content\/uploads\/2025\/11\/IMG_0754-173x300.png 173w, https:\/\/synergiaacademy.com\/wp-content\/uploads\/2025\/11\/IMG_0754-589x1024.png 589w, https:\/\/synergiaacademy.com\/wp-content\/uploads\/2025\/11\/IMG_0754-7x12.png 7w, https:\/\/synergiaacademy.com\/wp-content\/uploads\/2025\/11\/IMG_0754-600x1043.png 600w\" sizes=\"(max-width: 650px) 100vw, 650px\" \/><\/div>\n\t\t<\/figure>\n\t<\/div>\n\n\t<div class=\"wpb_text_column wpb_content_element\" >\n\t\t<div class=\"wpb_wrapper\">\n\t\t\t<h4 class=\"gt-title\" style=\"text-align: left;\"><strong>Takas Analizi E\u011fitimi<\/strong><\/h4>\n<div class=\"gt-eventchamp-service-box gt-style-1 gt-align-center\">\n<p style=\"text-align: left;\"><span style=\"color: #000000;\">Borsada i\u015flem yapan kurum ve yat\u0131r\u0131mc\u0131 davran\u0131\u015flar\u0131n\u0131 \u00e7\u00f6z\u00fcmleyerek piyasadaki g\u00fc\u00e7 dengelerini anlamay\u0131 sa\u011flar. Kat\u0131l\u0131mc\u0131lar, takas verilerini yorumlayarak al\u0131m-sat\u0131m hareketlerini \u00f6ng\u00f6rme yetkinli\u011fi kazan\u0131r.<\/span><\/p>\n<\/div>\n\n\t\t<\/div>\n\t<\/div>\n<div class=\"vc_row wpb_row vc_inner vc_row-fluid\"><div class=\"wpb_column vc_column_container vc_col-sm-3\"><div class=\"vc_column-inner\"><div class=\"wpb_wrapper\"><\/div><\/div><\/div><div class=\"wpb_column vc_column_container vc_col-sm-6\"><div class=\"vc_column-inner\"><div class=\"wpb_wrapper\"><div class=\"vc_btn3-container vc_btn3-inline vc_do_btn\" ><a class=\"vc_general vc_btn3 vc_btn3-size-md vc_btn3-shape-rounded vc_btn3-style-modern vc_btn3-color-grey\" href=\"https:\/\/synergiaacademy.com\/?page_id=875\" title=\"\" target=\"_blank\">Ba\u015fvuru Formu<\/a><\/div><\/div><\/div><\/div><div class=\"wpb_column vc_column_container vc_col-sm-3\"><div class=\"vc_column-inner\"><div class=\"wpb_wrapper\"><\/div><\/div><\/div><\/div><\/div><\/div><\/div><div class=\"wpb_column vc_column_container vc_col-sm-3\"><div class=\"vc_column-inner\"><div class=\"wpb_wrapper\">\n\t<div  class=\"wpb_single_image wpb_content_element vc_align_left wpb_content_element\">\n\t\t\n\t\t<figure class=\"wpb_wrapper vc_figure\">\n\t\t\t<div class=\"vc_single_image-wrapper   vc_box_border_grey\"><img loading=\"lazy\" decoding=\"async\" width=\"650\" height=\"1130\" src=\"https:\/\/synergiaacademy.com\/wp-content\/uploads\/2025\/11\/IMG_0752.png\" class=\"vc_single_image-img attachment-full\" alt=\"\" title=\"IMG_0752\" srcset=\"https:\/\/synergiaacademy.com\/wp-content\/uploads\/2025\/11\/IMG_0752.png 650w, https:\/\/synergiaacademy.com\/wp-content\/uploads\/2025\/11\/IMG_0752-173x300.png 173w, https:\/\/synergiaacademy.com\/wp-content\/uploads\/2025\/11\/IMG_0752-589x1024.png 589w, https:\/\/synergiaacademy.com\/wp-content\/uploads\/2025\/11\/IMG_0752-7x12.png 7w, https:\/\/synergiaacademy.com\/wp-content\/uploads\/2025\/11\/IMG_0752-600x1043.png 600w\" sizes=\"(max-width: 650px) 100vw, 650px\" \/><\/div>\n\t\t<\/figure>\n\t<\/div>\n\n\t<div class=\"wpb_text_column wpb_content_element\" >\n\t\t<div class=\"wpb_wrapper\">\n\t\t\t<h4 style=\"text-align: left;\"><strong>Algoritmik \u0130\u015flemler E\u011fitimi<br \/>\n<\/strong><\/h4>\n<div class=\"gt-eventchamp-service-box gt-style-1 gt-align-center\">\n<p style=\"text-align: left;\"><span style=\"color: #000000;\">Veriye dayal\u0131 i\u015flem stratejileri geli\u015ftirmeye odaklan\u0131r. Kat\u0131l\u0131mc\u0131lar, algoritmik sistemlerin mant\u0131\u011f\u0131n\u0131, otomatik emir olu\u015fturma s\u00fcre\u00e7lerini ve risk y\u00f6netimi prensiplerini \u00f6\u011frenir; kendi stratejilerini modelleyebilir.<\/span><\/p>\n<\/div>\n\n\t\t<\/div>\n\t<\/div>\n<div class=\"vc_row wpb_row vc_inner vc_row-fluid\"><div class=\"wpb_column vc_column_container vc_col-sm-3\"><div class=\"vc_column-inner\"><div class=\"wpb_wrapper\"><\/div><\/div><\/div><div class=\"wpb_column vc_column_container vc_col-sm-6\"><div class=\"vc_column-inner\"><div class=\"wpb_wrapper\"><div class=\"vc_btn3-container vc_btn3-inline vc_do_btn\" ><a class=\"vc_general vc_btn3 vc_btn3-size-md vc_btn3-shape-rounded vc_btn3-style-modern vc_btn3-color-grey\" href=\"https:\/\/synergiaacademy.com\/?page_id=875\" title=\"\" target=\"_blank\">Ba\u015fvuru Formu<\/a><\/div><\/div><\/div><\/div><div class=\"wpb_column vc_column_container vc_col-sm-3\"><div class=\"vc_column-inner\"><div class=\"wpb_wrapper\"><\/div><\/div><\/div><\/div><\/div><\/div><\/div><\/div><div class=\"vc_row wpb_row vc_row-fluid gt-background-position-initial gt-background-attachment-initial gt-overflow-hidden gt-text-default\"><div class=\"wpb_column vc_column_container vc_col-sm-3\"><div class=\"vc_column-inner\"><div class=\"wpb_wrapper\">\n\t<div  class=\"wpb_single_image wpb_content_element vc_align_left wpb_content_element\">\n\t\t\n\t\t<figure class=\"wpb_wrapper vc_figure\">\n\t\t\t<div class=\"vc_single_image-wrapper   vc_box_border_grey\"><img loading=\"lazy\" decoding=\"async\" width=\"650\" height=\"1130\" src=\"https:\/\/synergiaacademy.com\/wp-content\/uploads\/2025\/11\/IMG_0755.png\" class=\"vc_single_image-img attachment-full\" alt=\"\" title=\"IMG_0755\" srcset=\"https:\/\/synergiaacademy.com\/wp-content\/uploads\/2025\/11\/IMG_0755.png 650w, https:\/\/synergiaacademy.com\/wp-content\/uploads\/2025\/11\/IMG_0755-173x300.png 173w, https:\/\/synergiaacademy.com\/wp-content\/uploads\/2025\/11\/IMG_0755-589x1024.png 589w, https:\/\/synergiaacademy.com\/wp-content\/uploads\/2025\/11\/IMG_0755-7x12.png 7w, https:\/\/synergiaacademy.com\/wp-content\/uploads\/2025\/11\/IMG_0755-600x1043.png 600w\" sizes=\"(max-width: 650px) 100vw, 650px\" \/><\/div>\n\t\t<\/figure>\n\t<\/div>\n\n\t<div class=\"wpb_text_column wpb_content_element\" >\n\t\t<div class=\"wpb_wrapper\">\n\t\t\t<h4 style=\"text-align: left;\"><strong>Uygulamal\u0131 Canl\u0131 Trade E\u011fitimleri<br \/>\n<\/strong><\/h4>\n<div class=\"gt-eventchamp-service-box gt-style-1 gt-align-center\">\n<p style=\"text-align: left;\"><span style=\"color: #000000;\">Ger\u00e7ek piyasa ko\u015fullar\u0131nda i\u015flem prati\u011fi yapma imk\u00e2n\u0131 sunar. Kat\u0131l\u0131mc\u0131lar, e\u011fitmen e\u015fli\u011finde canl\u0131 i\u015flem platformlar\u0131nda strateji uygular, analiz eder ve sonu\u00e7lar\u0131 de\u011ferlendirir.<\/span><\/p>\n<\/div>\n\n\t\t<\/div>\n\t<\/div>\n<div class=\"vc_row wpb_row vc_inner vc_row-fluid\"><div class=\"wpb_column vc_column_container vc_col-sm-3\"><div class=\"vc_column-inner\"><div class=\"wpb_wrapper\"><\/div><\/div><\/div><div class=\"wpb_column vc_column_container vc_col-sm-6\"><div class=\"vc_column-inner\"><div class=\"wpb_wrapper\"><div class=\"vc_btn3-container vc_btn3-inline vc_do_btn\" ><a class=\"vc_general vc_btn3 vc_btn3-size-md vc_btn3-shape-rounded vc_btn3-style-modern vc_btn3-color-grey\" href=\"https:\/\/synergiaacademy.com\/?page_id=875\" title=\"\" target=\"_blank\">Ba\u015fvuru Formu<\/a><\/div><\/div><\/div><\/div><div class=\"wpb_column vc_column_container vc_col-sm-3\"><div class=\"vc_column-inner\"><div class=\"wpb_wrapper\"><\/div><\/div><\/div><\/div><\/div><\/div><\/div><div class=\"wpb_column vc_column_container vc_col-sm-3\"><div class=\"vc_column-inner\"><div class=\"wpb_wrapper\">\n\t<div  class=\"wpb_single_image wpb_content_element vc_align_left wpb_content_element\">\n\t\t\n\t\t<figure class=\"wpb_wrapper vc_figure\">\n\t\t\t<div class=\"vc_single_image-wrapper   vc_box_border_grey\"><img loading=\"lazy\" decoding=\"async\" width=\"650\" height=\"1130\" src=\"https:\/\/synergiaacademy.com\/wp-content\/uploads\/2025\/11\/IMG_0750.png\" class=\"vc_single_image-img attachment-full\" alt=\"\" title=\"IMG_0750\" srcset=\"https:\/\/synergiaacademy.com\/wp-content\/uploads\/2025\/11\/IMG_0750.png 650w, https:\/\/synergiaacademy.com\/wp-content\/uploads\/2025\/11\/IMG_0750-173x300.png 173w, https:\/\/synergiaacademy.com\/wp-content\/uploads\/2025\/11\/IMG_0750-589x1024.png 589w, https:\/\/synergiaacademy.com\/wp-content\/uploads\/2025\/11\/IMG_0750-7x12.png 7w, https:\/\/synergiaacademy.com\/wp-content\/uploads\/2025\/11\/IMG_0750-600x1043.png 600w\" sizes=\"(max-width: 650px) 100vw, 650px\" \/><\/div>\n\t\t<\/figure>\n\t<\/div>\n\n\t<div class=\"wpb_text_column wpb_content_element\" >\n\t\t<div class=\"wpb_wrapper\">\n\t\t\t<h4 style=\"text-align: left;\"><strong>Sermaye Piyasalar\u0131 Rehberlik E\u011fitimleri<br \/>\n<\/strong><\/h4>\n<div class=\"gt-eventchamp-service-box gt-style-1 gt-align-center\">\n<p style=\"text-align: left;\"><span style=\"color: #000000;\">Yat\u0131r\u0131mc\u0131lar\u0131n sermaye piyasalar\u0131na g\u00fcvenli ve bilin\u00e7li \u015fekilde ad\u0131m atmalar\u0131n\u0131 hedefler. E\u011fitim boyunca piyasalar\u0131n i\u015fleyi\u015fi, yat\u0131r\u0131m ara\u00e7lar\u0131, mevzuatlar ve arac\u0131 kurum s\u00fcre\u00e7leri ele al\u0131n\u0131r.<\/span><\/p>\n<\/div>\n\n\t\t<\/div>\n\t<\/div>\n<div class=\"vc_row wpb_row vc_inner vc_row-fluid\"><div class=\"wpb_column vc_column_container vc_col-sm-3\"><div class=\"vc_column-inner\"><div class=\"wpb_wrapper\"><\/div><\/div><\/div><div class=\"wpb_column vc_column_container vc_col-sm-6\"><div class=\"vc_column-inner\"><div class=\"wpb_wrapper\"><div class=\"vc_btn3-container vc_btn3-inline vc_do_btn\" ><a class=\"vc_general vc_btn3 vc_btn3-size-md vc_btn3-shape-rounded vc_btn3-style-modern vc_btn3-color-grey\" href=\"https:\/\/synergiaacademy.com\/?page_id=875\" title=\"\" target=\"_blank\">Ba\u015fvuru Formu<\/a><\/div><\/div><\/div><\/div><div class=\"wpb_column vc_column_container vc_col-sm-3\"><div class=\"vc_column-inner\"><div class=\"wpb_wrapper\"><\/div><\/div><\/div><\/div><\/div><\/div><\/div><div class=\"wpb_column vc_column_container vc_col-sm-3\"><div class=\"vc_column-inner\"><div class=\"wpb_wrapper\">\n\t<div  class=\"wpb_single_image wpb_content_element vc_align_left wpb_content_element\">\n\t\t\n\t\t<figure class=\"wpb_wrapper vc_figure\">\n\t\t\t<div class=\"vc_single_image-wrapper   vc_box_border_grey\"><img loading=\"lazy\" decoding=\"async\" width=\"650\" height=\"1130\" src=\"https:\/\/synergiaacademy.com\/wp-content\/uploads\/2025\/11\/IMG_0756.png\" class=\"vc_single_image-img attachment-full\" alt=\"\" title=\"IMG_0756\" srcset=\"https:\/\/synergiaacademy.com\/wp-content\/uploads\/2025\/11\/IMG_0756.png 650w, https:\/\/synergiaacademy.com\/wp-content\/uploads\/2025\/11\/IMG_0756-173x300.png 173w, https:\/\/synergiaacademy.com\/wp-content\/uploads\/2025\/11\/IMG_0756-589x1024.png 589w, https:\/\/synergiaacademy.com\/wp-content\/uploads\/2025\/11\/IMG_0756-7x12.png 7w, https:\/\/synergiaacademy.com\/wp-content\/uploads\/2025\/11\/IMG_0756-600x1043.png 600w\" sizes=\"(max-width: 650px) 100vw, 650px\" \/><\/div>\n\t\t<\/figure>\n\t<\/div>\n\n\t<div class=\"wpb_text_column wpb_content_element\" >\n\t\t<div class=\"wpb_wrapper\">\n\t\t\t<h4 class=\"gt-title\" style=\"text-align: left;\"><strong>Kripto Varl\u0131k E\u011fitimleri<br \/>\n<\/strong><\/h4>\n<div class=\"gt-eventchamp-service-box gt-style-1 gt-align-center\">\n<div class=\"gt-eventchamp-service-box gt-style-1 gt-align-center\">\n<p style=\"text-align: left;\" data-pm-slice=\"1 1 &#091;&#093;\"><span style=\"color: #000000;\">Dijital varl\u0131k piyasalar\u0131na b\u00fct\u00fcnsel bir bak\u0131\u015f kazand\u0131r\u0131r. Kat\u0131l\u0131mc\u0131lar, blokzincir altyap\u0131s\u0131n\u0131n temel mant\u0131\u011f\u0131n\u0131, kripto borsalar\u0131n\u0131n \u00e7al\u0131\u015fma bi\u00e7imini, teknik analiz y\u00f6ntemlerini ve g\u00fcvenli yat\u0131r\u0131m stratejilerini \u00f6\u011frenir.\u00a0<\/span><\/p>\n<\/div>\n<\/div>\n\n\t\t<\/div>\n\t<\/div>\n<div class=\"vc_row wpb_row vc_inner vc_row-fluid\"><div class=\"wpb_column vc_column_container vc_col-sm-3\"><div class=\"vc_column-inner\"><div class=\"wpb_wrapper\"><\/div><\/div><\/div><div class=\"wpb_column vc_column_container vc_col-sm-6\"><div class=\"vc_column-inner\"><div class=\"wpb_wrapper\"><div class=\"vc_btn3-container vc_btn3-inline vc_do_btn\" ><a class=\"vc_general vc_btn3 vc_btn3-size-md vc_btn3-shape-rounded vc_btn3-style-modern vc_btn3-color-grey\" href=\"https:\/\/synergiaacademy.com\/?page_id=875\" title=\"\" target=\"_blank\">Ba\u015fvuru Formu<\/a><\/div><\/div><\/div><\/div><div class=\"wpb_column vc_column_container vc_col-sm-3\"><div class=\"vc_column-inner\"><div class=\"wpb_wrapper\"><\/div><\/div><\/div><\/div><\/div><\/div><\/div><div class=\"wpb_column vc_column_container vc_col-sm-3\"><div class=\"vc_column-inner\"><div class=\"wpb_wrapper\"><\/div><\/div><\/div><\/div><div class=\"vc_row wpb_row vc_row-fluid gt-background-position-initial gt-background-attachment-initial gt-overflow-hidden gt-text-default\"><div class=\"wpb_column vc_column_container vc_col-sm-12\"><div class=\"vc_column-inner\"><div class=\"wpb_wrapper\"><div class=\"vc_empty_space\"   style=\"height: 32px\"><span class=\"vc_empty_space_inner\"><\/span><\/div><\/div><\/div><\/div><\/div><div class=\"vc_row wpb_row vc_row-fluid gt-background-position-initial gt-background-attachment-initial gt-overflow-hidden gt-text-default\"><div class=\"wpb_column vc_column_container vc_col-sm-12\"><div class=\"vc_column-inner\"><div class=\"wpb_wrapper\">\n\t<div class=\"wpb_text_column wpb_content_element\" >\n\t\t<div class=\"wpb_wrapper\">\n\t\t\t<p style=\"opacity: 0.8; font-size: 1.37rem; text-align: left;\">\u0130stanbul ba\u015fta olmak \u00fczere Ankara, \u0130zmir, Bursa, Konya, Kayseri, Antalya, Eski\u015fehir, Denizli gibi \u00fclkemizin bir\u00e7ok kentinde zirveler, bulu\u015fmalar, \u00dcCRETL\u0130 \/ \u00dcCRETS\u0130Z e\u011fitimler ve seminerler organize ediyoruz.<\/p>\n<p>E\u011fitimlerimizi takip etmek ve size uygun olan e\u011fitimlere kat\u0131lmak i\u00e7in <a href=\"https:\/\/synergiaacademy.com\/?page_id=875\"><strong>l\u00fctfen t\u0131klay\u0131n\u0131z. <\/strong><\/a><\/p>\n\n\t\t<\/div>\n\t<\/div>\n<\/div><\/div><\/div><\/div>\n<\/div>","protected":false},"excerpt":{"rendered":"Synergia Academy \u00fclkemizdeki finansal okuryazarl\u0131k alan\u0131ndaki bo\u015flu\u011fu doldurmak amac\u0131yla yola \u00e7\u0131km\u0131\u015ft\u0131r Piyasada bilgi ve fark\u0131ndal\u0131k d\u00fczeyi y\u00fcksek yat\u0131r\u0131mc\u0131lar\u0131n artmas\u0131n\u0131n yat\u0131r\u0131m ekosistemi i\u00e7indeki t\u00fcm payda\u015flar\u0131n kazan\u00e7 dengesine katk\u0131 sa\u011flayaca\u011f\u0131 inanc\u0131yla; Akademisyenler, Sermaye Piyasas\u0131 Lisanslar\u0131na sahip uzmanlar, \u00fcniversiteler, teknokentler, Ticaret Odalar\u0131, Sanayi...","protected":false},"author":1,"featured_media":0,"parent":0,"menu_order":0,"comment_status":"closed","ping_status":"closed","template":"","meta":{"footnotes":""},"class_list":["post-10140","page","type-page","status-publish","hentry"],"_hostinger_reach_plugin_has_subscription_block":false,"_hostinger_reach_plugin_is_elementor":false,"_links":{"self":[{"href":"https:\/\/synergiaacademy.com\/index.php?rest_route=\/wp\/v2\/pages\/10140","targetHints":{"allow":["GET"]}}],"collection":[{"href":"https:\/\/synergiaacademy.com\/index.php?rest_route=\/wp\/v2\/pages"}],"about":[{"href":"https:\/\/synergiaacademy.com\/index.php?rest_route=\/wp\/v2\/types\/page"}],"author":[{"embeddable":true,"href":"https:\/\/synergiaacademy.com\/index.php?rest_route=\/wp\/v2\/users\/1"}],"replies":[{"embeddable":true,"href":"https:\/\/synergiaacademy.com\/index.php?rest_route=%2Fwp%2Fv2%2Fcomments&post=10140"}],"version-history":[{"count":24,"href":"https:\/\/synergiaacademy.com\/index.php?rest_route=\/wp\/v2\/pages\/10140\/revisions"}],"predecessor-version":[{"id":10778,"href":"https:\/\/synergiaacademy.com\/index.php?rest_route=\/wp\/v2\/pages\/10140\/revisions\/10778"}],"wp:attachment":[{"href":"https:\/\/synergiaacademy.com\/index.php?rest_route=%2Fwp%2Fv2%2Fmedia&parent=10140"}],"curies":[{"name":"wp","href":"https:\/\/api.w.org\/{rel}","templated":true}]}}