{"id":10144,"date":"2025-10-18T07:43:21","date_gmt":"2025-10-18T07:43:21","guid":{"rendered":"https:\/\/synergiaacademy.com\/?page_id=10144"},"modified":"2026-01-10T13:53:59","modified_gmt":"2026-01-10T13:53:59","slug":"danismanlik-hizmetleri","status":"publish","type":"page","link":"https:\/\/synergiaacademy.com\/?page_id=10144","title":{"rendered":"Dan\u0131\u015fmanl\u0131k Hizmetleri"},"content":{"rendered":"<div class=\"wpb-content-wrapper\"><div class=\"vc_row wpb_row vc_row-fluid gt-background-position-initial gt-background-attachment-initial gt-overflow-hidden gt-text-default\"><div class=\"wpb_column vc_column_container vc_col-sm-12 vc_col-lg-1 vc_col-md-1 vc_col-xs-12\"><div class=\"vc_column-inner\"><div class=\"wpb_wrapper\"><\/div><\/div><\/div><div class=\"wpb_column vc_column_container vc_col-sm-12 vc_col-lg-10 vc_col-md-10 vc_col-xs-12\"><div class=\"vc_column-inner\"><div class=\"wpb_wrapper\"><div class=\"gt-heading gt-dark gt-size1 gt-align-left\"><div class=\"gt-title\">Synergia Academy tecr\u00fcbeli ve g\u00fc\u00e7l\u00fc network sahibi kurucular\u0131 ve her biri alan\u0131nda uzman yetkin ekibiyle \u00fclkemiz \u015firketlerinin ihtiya\u00e7 duydu\u011fu \u201cb\u00fcy\u00fcme odakl\u0131 nitelikli dan\u0131\u015fmanl\u0131k hizmetleri\u201d sunmaktad\u0131r.<\/div><div class=\"gt-separate\"><div class=\"gt-icon\"><svg xmlns=\"http:\/\/www.w3.org\/2000\/svg\" width=\"24\" height=\"24\" viewBox=\"0 0 24 24\" fill=\"none\" stroke=\"currentColor\" stroke-width=\"2\" stroke-linecap=\"round\" stroke-linejoin=\"round\"><line x1=\"16.5\" y1=\"9.4\" x2=\"7.5\" y2=\"4.21\"><\/line><path d=\"M21 16V8a2 2 0 0 0-1-1.73l-7-4a2 2 0 0 0-2 0l-7 4A2 2 0 0 0 3 8v8a2 2 0 0 0 1 1.73l7 4a2 2 0 0 0 2 0l7-4A2 2 0 0 0 21 16z\"><\/path><polyline points=\"3.27 6.96 12 12.01 20.73 6.96\"><\/polyline><line x1=\"12\" y1=\"22.08\" x2=\"12\" y2=\"12\"><\/line><\/svg><\/div><\/div><\/div><div class=\"vc_empty_space\"   style=\"height: 45px\"><span class=\"vc_empty_space_inner\"><\/span><\/div>\n\t<div class=\"wpb_text_column wpb_content_element vc_custom_1767195476220\" >\n\t\t<div class=\"wpb_wrapper\">\n\t\t\t<p style=\"opacity: 0.8; font-size: 1.37rem; text-align: left;\">\u015eirketlerin ihtiya\u00e7 duyduklar\u0131 finansal yat\u0131r\u0131mlara eri\u015fmesi, yurti\u00e7i ve yurtd\u0131\u015f\u0131 yat\u0131r\u0131m s\u00fcre\u00e7lerinin y\u00f6netilmesi, halka arza haz\u0131rl\u0131k ve arz d\u00f6nemlerinin y\u00f6netilmesi gibi \u00f6nemli s\u00fcre\u00e7lerde y\u00fcksek d\u00fczeyli dan\u0131\u015fmanl\u0131k hizmetlerine eri\u015febilirsiniz.<\/p>\n<p style=\"opacity: 0.8; font-size: 1.37rem; text-align: left;\">Synergia Academy\u2019nin nitelikli dan\u0131\u015fmanl\u0131k hizmetleri hakk\u0131nda bilgi almak ve bizimle ileti\u015fime ge\u00e7mek i\u00e7in <a href=\"https:\/\/synergiaacademy.com\/?page_id=875\"><strong>t\u0131klay\u0131n\u0131z.<\/strong><\/a><\/p>\n\n\t\t<\/div>\n\t<\/div>\n<div class=\"vc_empty_space\"   style=\"height: 105px\"><span class=\"vc_empty_space_inner\"><\/span><\/div><\/div><\/div><\/div><div class=\"wpb_column vc_column_container vc_col-sm-12 vc_col-lg-1 vc_col-md-1 vc_col-xs-12\"><div class=\"vc_column-inner\"><div class=\"wpb_wrapper\"><\/div><\/div><\/div><\/div><div class=\"vc_row wpb_row vc_row-fluid gt-background-position-initial gt-background-attachment-initial gt-overflow-hidden gt-text-default\"><div class=\"wpb_column vc_column_container vc_col-sm-1\/5\"><div class=\"vc_column-inner\"><div class=\"wpb_wrapper\">\n\t<div  class=\"wpb_single_image wpb_content_element vc_align_left wpb_content_element\">\n\t\t\n\t\t<figure class=\"wpb_wrapper vc_figure\">\n\t\t\t<div class=\"vc_single_image-wrapper   vc_box_border_grey\"><img fetchpriority=\"high\" decoding=\"async\" width=\"650\" height=\"1130\" src=\"https:\/\/synergiaacademy.com\/wp-content\/uploads\/2025\/11\/IMG_0749-1.png\" class=\"vc_single_image-img attachment-full\" alt=\"\" title=\"IMG_0749 (1)\" srcset=\"https:\/\/synergiaacademy.com\/wp-content\/uploads\/2025\/11\/IMG_0749-1.png 650w, https:\/\/synergiaacademy.com\/wp-content\/uploads\/2025\/11\/IMG_0749-1-173x300.png 173w, https:\/\/synergiaacademy.com\/wp-content\/uploads\/2025\/11\/IMG_0749-1-589x1024.png 589w, https:\/\/synergiaacademy.com\/wp-content\/uploads\/2025\/11\/IMG_0749-1-7x12.png 7w, https:\/\/synergiaacademy.com\/wp-content\/uploads\/2025\/11\/IMG_0749-1-600x1043.png 600w\" sizes=\"(max-width: 650px) 100vw, 650px\" \/><\/div>\n\t\t<\/figure>\n\t<\/div>\n\n\t<div class=\"wpb_text_column wpb_content_element\" >\n\t\t<div class=\"wpb_wrapper\">\n\t\t\t<h4 style=\"text-align: left;\"><strong>Finansal Okuryazarl\u0131k Dan\u0131\u015fmanl\u0131\u011f\u0131<\/strong><\/h4>\n<div class=\"gt-eventchamp-service-box gt-style-1 gt-align-center\">\n<p style=\"text-align: left;\">Kurumlara ve e\u011fitim platformlar\u0131na \u00f6zel finansal okuryazarl\u0131k programlar\u0131 tasarlar\u0131z. E\u011fitim i\u00e7eri\u011fi, hedef kitleye uygunla\u015ft\u0131rma ve etki \u00f6l\u00e7\u00fcmleme s\u00fcre\u00e7lerinde stratejik destek veririz.<span style=\"color: #ffffff;\">yat\u0131r\u0131m planlamas\u0131 s\u00fcre\u00e7lerinde karar deste\u011fi sa\u011flar\u0131z.<\/span><\/p>\n<\/div>\n\n\t\t<\/div>\n\t<\/div>\n<div class=\"vc_row wpb_row vc_inner vc_row-fluid\"><div class=\"wpb_column vc_column_container vc_col-sm-3\"><div class=\"vc_column-inner\"><div class=\"wpb_wrapper\"><\/div><\/div><\/div><div class=\"wpb_column vc_column_container vc_col-sm-6\"><div class=\"vc_column-inner\"><div class=\"wpb_wrapper\"><div class=\"vc_btn3-container vc_btn3-inline vc_do_btn\" ><a class=\"vc_general vc_btn3 vc_btn3-size-md vc_btn3-shape-rounded vc_btn3-style-modern vc_btn3-color-grey\" href=\"https:\/\/synergiaacademy.com\/?page_id=875\" title=\"\" target=\"_blank\">Ba\u015fvuru Formu<\/a><\/div><\/div><\/div><\/div><div class=\"wpb_column vc_column_container vc_col-sm-3\"><div class=\"vc_column-inner\"><div class=\"wpb_wrapper\"><\/div><\/div><\/div><\/div><\/div><\/div><\/div><div class=\"wpb_column vc_column_container vc_col-sm-1\/5\"><div class=\"vc_column-inner\"><div class=\"wpb_wrapper\">\n\t<div  class=\"wpb_single_image wpb_content_element vc_align_left wpb_content_element\">\n\t\t\n\t\t<figure class=\"wpb_wrapper vc_figure\">\n\t\t\t<div class=\"vc_single_image-wrapper   vc_box_border_grey\"><img decoding=\"async\" width=\"650\" height=\"1130\" src=\"https:\/\/synergiaacademy.com\/wp-content\/uploads\/2025\/11\/IMG_0744.png\" class=\"vc_single_image-img attachment-full\" alt=\"\" title=\"IMG_0744\" srcset=\"https:\/\/synergiaacademy.com\/wp-content\/uploads\/2025\/11\/IMG_0744.png 650w, https:\/\/synergiaacademy.com\/wp-content\/uploads\/2025\/11\/IMG_0744-173x300.png 173w, https:\/\/synergiaacademy.com\/wp-content\/uploads\/2025\/11\/IMG_0744-589x1024.png 589w, https:\/\/synergiaacademy.com\/wp-content\/uploads\/2025\/11\/IMG_0744-7x12.png 7w, https:\/\/synergiaacademy.com\/wp-content\/uploads\/2025\/11\/IMG_0744-600x1043.png 600w\" sizes=\"(max-width: 650px) 100vw, 650px\" \/><\/div>\n\t\t<\/figure>\n\t<\/div>\n\n\t<div class=\"wpb_text_column wpb_content_element\" >\n\t\t<div class=\"wpb_wrapper\">\n\t\t\t<h4 style=\"text-align: left;\"><strong>Yat\u0131r\u0131m Dan\u0131\u015fmanl\u0131\u011f\u0131<br \/>\n<\/strong><\/h4>\n<div class=\"gt-eventchamp-service-box gt-style-1 gt-align-center\">\n<p style=\"text-align: left;\">Yat\u0131r\u0131m hedeflerinize ve risk profilinize en uygun stratejileri belirlemenize yard\u0131mc\u0131 oluruz. Piyasa verilerini, sekt\u00f6r trendlerini ve portf\u00f6y dinamiklerini analiz ederek size \u00f6zel yat\u0131r\u0131m planlar\u0131 geli\u015ftiririz.<strong><span style=\"color: #ffffff;\">yat\u0131r\u0131m planlamas\u0131 s\u00fcre\u00e7lerinde karar deste\u011fi sa\u011flar\u0131z.yat\u0131r\u0131m planlamas\u0131 s\u00fcre\u00e7lerinde karar\u00a0<\/span><\/strong><\/p>\n<\/div>\n\n\t\t<\/div>\n\t<\/div>\n<div class=\"vc_row wpb_row vc_inner vc_row-fluid\"><div class=\"wpb_column vc_column_container vc_col-sm-3\"><div class=\"vc_column-inner\"><div class=\"wpb_wrapper\"><\/div><\/div><\/div><div class=\"wpb_column vc_column_container vc_col-sm-6\"><div class=\"vc_column-inner\"><div class=\"wpb_wrapper\"><div class=\"vc_btn3-container vc_btn3-inline vc_do_btn\" ><a class=\"vc_general vc_btn3 vc_btn3-size-md vc_btn3-shape-rounded vc_btn3-style-modern vc_btn3-color-grey\" href=\"https:\/\/synergiaacademy.com\/?page_id=875\" title=\"\" target=\"_blank\">Ba\u015fvuru Formu<\/a><\/div><\/div><\/div><\/div><div class=\"wpb_column vc_column_container vc_col-sm-3\"><div class=\"vc_column-inner\"><div class=\"wpb_wrapper\"><\/div><\/div><\/div><\/div><\/div><\/div><\/div><div class=\"wpb_column vc_column_container vc_col-sm-1\/5\"><div class=\"vc_column-inner\"><div class=\"wpb_wrapper\">\n\t<div  class=\"wpb_single_image wpb_content_element vc_align_left wpb_content_element\">\n\t\t\n\t\t<figure class=\"wpb_wrapper vc_figure\">\n\t\t\t<div class=\"vc_single_image-wrapper   vc_box_border_grey\"><img decoding=\"async\" width=\"650\" height=\"1130\" src=\"https:\/\/synergiaacademy.com\/wp-content\/uploads\/2025\/11\/IMG_0745.png\" class=\"vc_single_image-img attachment-full\" alt=\"\" title=\"IMG_0745\" srcset=\"https:\/\/synergiaacademy.com\/wp-content\/uploads\/2025\/11\/IMG_0745.png 650w, https:\/\/synergiaacademy.com\/wp-content\/uploads\/2025\/11\/IMG_0745-173x300.png 173w, https:\/\/synergiaacademy.com\/wp-content\/uploads\/2025\/11\/IMG_0745-589x1024.png 589w, https:\/\/synergiaacademy.com\/wp-content\/uploads\/2025\/11\/IMG_0745-7x12.png 7w, https:\/\/synergiaacademy.com\/wp-content\/uploads\/2025\/11\/IMG_0745-600x1043.png 600w\" sizes=\"(max-width: 650px) 100vw, 650px\" \/><\/div>\n\t\t<\/figure>\n\t<\/div>\n\n\t<div class=\"wpb_text_column wpb_content_element\" >\n\t\t<div class=\"wpb_wrapper\">\n\t\t\t<h4 class=\"gt-title\" style=\"text-align: left;\"><strong>Kaynak Y\u00f6netimi<br \/>\n<\/strong><\/h4>\n<div class=\"gt-eventchamp-service-box gt-style-1 gt-align-center\">\n<div class=\"gt-eventchamp-service-box gt-style-1 gt-align-center\">\n<p style=\"text-align: left;\">Varl\u0131k da\u011f\u0131l\u0131m\u0131, risk y\u00f6netimi ve getiri optimizasyonu odakl\u0131 profesyonel portf\u00f6y \u00e7\u00f6z\u00fcmleri sunar\u0131z. Uzman ekibimiz, piyasa ko\u015fullar\u0131na g\u00f6re pozisyonlar\u0131 s\u00fcrekli de\u011ferlendirir ve portf\u00f6y\u00fcn\u00fcz\u00fcn s\u00fcrd\u00fcr\u00fclebilir performans g\u00f6stermesini sa\u011flar.<span style=\"color: #ffffff;\">ortf\u00f6y\u00fcn\u00fcz\u00fcn s\u00fcrd\u00fcr\u00fclebilir performans g\u00f6stermesini sa\u011flar.<\/span><\/p>\n<\/div>\n<\/div>\n\n\t\t<\/div>\n\t<\/div>\n<div class=\"vc_row wpb_row vc_inner vc_row-fluid\"><div class=\"wpb_column vc_column_container vc_col-sm-3\"><div class=\"vc_column-inner\"><div class=\"wpb_wrapper\"><\/div><\/div><\/div><div class=\"wpb_column vc_column_container vc_col-sm-6\"><div class=\"vc_column-inner\"><div class=\"wpb_wrapper\"><div class=\"vc_btn3-container vc_btn3-inline vc_do_btn\" ><a class=\"vc_general vc_btn3 vc_btn3-size-md vc_btn3-shape-rounded vc_btn3-style-modern vc_btn3-color-grey\" href=\"https:\/\/synergiaacademy.com\/?page_id=875\" title=\"\" target=\"_blank\">Ba\u015fvuru Formu<\/a><\/div><\/div><\/div><\/div><div class=\"wpb_column vc_column_container vc_col-sm-3\"><div class=\"vc_column-inner\"><div class=\"wpb_wrapper\"><\/div><\/div><\/div><\/div><\/div><\/div><\/div><div class=\"wpb_column vc_column_container vc_col-sm-1\/5\"><div class=\"vc_column-inner\"><div class=\"wpb_wrapper\">\n\t<div  class=\"wpb_single_image wpb_content_element vc_align_left wpb_content_element\">\n\t\t\n\t\t<figure class=\"wpb_wrapper vc_figure\">\n\t\t\t<div class=\"vc_single_image-wrapper   vc_box_border_grey\"><img loading=\"lazy\" decoding=\"async\" width=\"650\" height=\"1130\" src=\"https:\/\/synergiaacademy.com\/wp-content\/uploads\/2025\/11\/IMG_0748.png\" class=\"vc_single_image-img attachment-full\" alt=\"\" title=\"IMG_0748\" srcset=\"https:\/\/synergiaacademy.com\/wp-content\/uploads\/2025\/11\/IMG_0748.png 650w, https:\/\/synergiaacademy.com\/wp-content\/uploads\/2025\/11\/IMG_0748-173x300.png 173w, https:\/\/synergiaacademy.com\/wp-content\/uploads\/2025\/11\/IMG_0748-589x1024.png 589w, https:\/\/synergiaacademy.com\/wp-content\/uploads\/2025\/11\/IMG_0748-7x12.png 7w, https:\/\/synergiaacademy.com\/wp-content\/uploads\/2025\/11\/IMG_0748-600x1043.png 600w\" sizes=\"(max-width: 650px) 100vw, 650px\" \/><\/div>\n\t\t<\/figure>\n\t<\/div>\n\n\t<div class=\"wpb_text_column wpb_content_element\" >\n\t\t<div class=\"wpb_wrapper\">\n\t\t\t<h4 style=\"text-align: left;\"><strong>Finansal Strateji Dan\u0131\u015fmanl\u0131\u011f\u0131<br \/>\n<\/strong><\/h4>\n<p style=\"text-align: left;\">Bireylerin ve kurumlar\u0131n finansal hedeflerini do\u011fru planlamalar\u0131 i\u00e7in stratejik yol haritalar\u0131 olu\u015ftururuz. Sermaye yap\u0131s\u0131, nakit ak\u0131\u015f\u0131 ve yat\u0131r\u0131m planlamas\u0131 s\u00fcre\u00e7lerinde karar deste\u011fi sa\u011flar\u0131z.<span style=\"color: #ffffff;\">yat\u0131r\u0131m planlamas\u0131 s\u00fcre\u00e7lerinde karar deste\u011fi sa\u011flar\u0131z.<\/span><\/p>\n\n\t\t<\/div>\n\t<\/div>\n<div class=\"vc_row wpb_row vc_inner vc_row-fluid\"><div class=\"wpb_column vc_column_container vc_col-sm-3\"><div class=\"vc_column-inner\"><div class=\"wpb_wrapper\"><\/div><\/div><\/div><div class=\"wpb_column vc_column_container vc_col-sm-6\"><div class=\"vc_column-inner\"><div class=\"wpb_wrapper\"><div class=\"vc_btn3-container vc_btn3-inline vc_do_btn\" ><a class=\"vc_general vc_btn3 vc_btn3-size-md vc_btn3-shape-rounded vc_btn3-style-modern vc_btn3-color-grey\" href=\"https:\/\/synergiaacademy.com\/?page_id=875\" title=\"\" target=\"_blank\">Ba\u015fvuru Formu<\/a><\/div><\/div><\/div><\/div><div class=\"wpb_column vc_column_container vc_col-sm-3\"><div class=\"vc_column-inner\"><div class=\"wpb_wrapper\"><\/div><\/div><\/div><\/div><\/div><\/div><\/div><div class=\"wpb_column vc_column_container vc_col-sm-1\/5\"><div class=\"vc_column-inner\"><div class=\"wpb_wrapper\">\n\t<div  class=\"wpb_single_image wpb_content_element vc_align_left wpb_content_element\">\n\t\t\n\t\t<figure class=\"wpb_wrapper vc_figure\">\n\t\t\t<div class=\"vc_single_image-wrapper   vc_box_border_grey\"><img loading=\"lazy\" decoding=\"async\" width=\"650\" height=\"1130\" src=\"https:\/\/synergiaacademy.com\/wp-content\/uploads\/2025\/11\/IMG_0747.png\" class=\"vc_single_image-img attachment-full\" alt=\"\" title=\"IMG_0747\" srcset=\"https:\/\/synergiaacademy.com\/wp-content\/uploads\/2025\/11\/IMG_0747.png 650w, https:\/\/synergiaacademy.com\/wp-content\/uploads\/2025\/11\/IMG_0747-173x300.png 173w, https:\/\/synergiaacademy.com\/wp-content\/uploads\/2025\/11\/IMG_0747-589x1024.png 589w, https:\/\/synergiaacademy.com\/wp-content\/uploads\/2025\/11\/IMG_0747-7x12.png 7w, https:\/\/synergiaacademy.com\/wp-content\/uploads\/2025\/11\/IMG_0747-600x1043.png 600w\" sizes=\"(max-width: 650px) 100vw, 650px\" \/><\/div>\n\t\t<\/figure>\n\t<\/div>\n\n\t<div class=\"wpb_text_column wpb_content_element\" >\n\t\t<div class=\"wpb_wrapper\">\n\t\t\t<h4 style=\"text-align: left;\"><strong>Kurumsal Finans Dan\u0131\u015fmanl\u0131\u011f\u0131<br \/>\n<\/strong><\/h4>\n<div class=\"gt-eventchamp-service-box gt-style-1 gt-align-center\">\n<p style=\"text-align: left;\">\u015eirketlerin finansal yap\u0131lar\u0131n\u0131 g\u00fc\u00e7lendirmek, b\u00fcy\u00fcme stratejilerini optimize etmek ve yat\u0131r\u0131mc\u0131 ili\u015fkilerini y\u00f6netmek i\u00e7in kurumsal finans dan\u0131\u015fmanl\u0131\u011f\u0131 hizmeti sunar\u0131z. De\u011ferleme, b\u00fct\u00e7eleme ve finansal analiz s\u00fcre\u00e7lerinde profesyonel destek veririz.<\/p>\n<\/div>\n\n\t\t<\/div>\n\t<\/div>\n<div class=\"vc_row wpb_row vc_inner vc_row-fluid\"><div class=\"wpb_column vc_column_container vc_col-sm-3\"><div class=\"vc_column-inner\"><div class=\"wpb_wrapper\"><\/div><\/div><\/div><div class=\"wpb_column vc_column_container vc_col-sm-6\"><div class=\"vc_column-inner\"><div class=\"wpb_wrapper\"><div class=\"vc_btn3-container vc_btn3-inline vc_do_btn\" ><a class=\"vc_general vc_btn3 vc_btn3-size-md vc_btn3-shape-rounded vc_btn3-style-modern vc_btn3-color-grey\" href=\"https:\/\/synergiaacademy.com\/?page_id=875\" title=\"\" target=\"_blank\">Ba\u015fvuru Formu<\/a><\/div><\/div><\/div><\/div><div class=\"wpb_column vc_column_container vc_col-sm-3\"><div class=\"vc_column-inner\"><div class=\"wpb_wrapper\"><\/div><\/div><\/div><\/div><\/div><\/div><\/div><\/div><div class=\"vc_row wpb_row vc_row-fluid gt-background-position-initial gt-background-attachment-initial gt-overflow-hidden gt-text-default\"><div class=\"wpb_column vc_column_container vc_col-sm-12\"><div class=\"vc_column-inner\"><div class=\"wpb_wrapper\"><div class=\"vc_empty_space\"   style=\"height: 32px\"><span class=\"vc_empty_space_inner\"><\/span><\/div><\/div><\/div><\/div><\/div>\n<\/div>","protected":false},"excerpt":{"rendered":"Synergia Academy tecr\u00fcbeli ve g\u00fc\u00e7l\u00fc network sahibi kurucular\u0131 ve her biri alan\u0131nda uzman yetkin ekibiyle \u00fclkemiz \u015firketlerinin ihtiya\u00e7 duydu\u011fu \u201cb\u00fcy\u00fcme odakl\u0131 nitelikli dan\u0131\u015fmanl\u0131k hizmetleri\u201d sunmaktad\u0131r. \u015eirketlerin ihtiya\u00e7 duyduklar\u0131 finansal yat\u0131r\u0131mlara eri\u015fmesi, yurti\u00e7i ve yurtd\u0131\u015f\u0131 yat\u0131r\u0131m s\u00fcre\u00e7lerinin y\u00f6netilmesi, halka arza haz\u0131rl\u0131k...","protected":false},"author":1,"featured_media":0,"parent":0,"menu_order":0,"comment_status":"closed","ping_status":"closed","template":"","meta":{"footnotes":""},"class_list":["post-10144","page","type-page","status-publish","hentry"],"_hostinger_reach_plugin_has_subscription_block":false,"_hostinger_reach_plugin_is_elementor":false,"_links":{"self":[{"href":"https:\/\/synergiaacademy.com\/index.php?rest_route=\/wp\/v2\/pages\/10144","targetHints":{"allow":["GET"]}}],"collection":[{"href":"https:\/\/synergiaacademy.com\/index.php?rest_route=\/wp\/v2\/pages"}],"about":[{"href":"https:\/\/synergiaacademy.com\/index.php?rest_route=\/wp\/v2\/types\/page"}],"author":[{"embeddable":true,"href":"https:\/\/synergiaacademy.com\/index.php?rest_route=\/wp\/v2\/users\/1"}],"replies":[{"embeddable":true,"href":"https:\/\/synergiaacademy.com\/index.php?rest_route=%2Fwp%2Fv2%2Fcomments&post=10144"}],"version-history":[{"count":15,"href":"https:\/\/synergiaacademy.com\/index.php?rest_route=\/wp\/v2\/pages\/10144\/revisions"}],"predecessor-version":[{"id":10779,"href":"https:\/\/synergiaacademy.com\/index.php?rest_route=\/wp\/v2\/pages\/10144\/revisions\/10779"}],"wp:attachment":[{"href":"https:\/\/synergiaacademy.com\/index.php?rest_route=%2Fwp%2Fv2%2Fmedia&parent=10144"}],"curies":[{"name":"wp","href":"https:\/\/api.w.org\/{rel}","templated":true}]}}