{"id":10275,"date":"2025-11-19T12:14:46","date_gmt":"2025-11-19T12:14:46","guid":{"rendered":"https:\/\/synergiaacademy.com\/?page_id=10275"},"modified":"2025-12-31T13:37:39","modified_gmt":"2025-12-31T13:37:39","slug":"blog-4","status":"publish","type":"page","link":"https:\/\/synergiaacademy.com\/?page_id=10275","title":{"rendered":"Blog"},"content":{"rendered":"<div class=\"wpb-content-wrapper\"><div class=\"vc_row wpb_row vc_row-fluid gt-background-position-initial gt-background-attachment-initial gt-overflow-hidden gt-text-default\"><div class=\"wpb_column vc_column_container vc_col-sm-12\"><div class=\"vc_column-inner\"><div class=\"wpb_wrapper\"><div class=\"gt-blog gt-style4\"><div class=\"gt-columns gt-column-2 gt-column-space-60\"><div class=\"gt-col\"><div class=\"gt-inner\"><div class=\"gt-post-style-1\"><div class=\"gt-image\"><a href=\"https:\/\/synergiaacademy.com\/?p=10423\"><img fetchpriority=\"high\" decoding=\"async\" width=\"870\" height=\"550\" src=\"https:\/\/synergiaacademy.com\/wp-content\/uploads\/2025\/12\/academyblog_borsa_terim_sozlugu-870x550.png\" class=\"attachment-eventchamp-big-post size-eventchamp-big-post wp-post-image\" alt=\"\" srcset=\"https:\/\/synergiaacademy.com\/wp-content\/uploads\/2025\/12\/academyblog_borsa_terim_sozlugu-870x550.png 870w, https:\/\/synergiaacademy.com\/wp-content\/uploads\/2025\/12\/academyblog_borsa_terim_sozlugu-18x10.png 18w\" sizes=\"(max-width: 870px) 100vw, 870px\" \/><\/a><\/div><div class=\"gt-title\"><a href=\"https:\/\/synergiaacademy.com\/?p=10423\">Borsa Terimleri S\u00f6zl\u00fc\u011f\u00fc: Yeni Ba\u015flayanlar \u0130\u00e7in 23 Kavram<\/a><\/div><div class=\"gt-excerpt\">Borsa, kendine \u00f6zg\u00fc bir dile sahip. Yat\u0131r\u0131mc\u0131lar\u0131n \u00e7o\u011fu i\u00e7in ilk g\u00fcnlerde en zorlay\u0131c\u0131 k\u0131s\u0131mlardan biri, s\u00fcrekli kar\u015f\u0131la\u015f\u0131lan ama anlam\u0131 tam bilinmeyen terimlerle u\u011fra\u015fmakt\u0131r. Hisse senedinden temett\u00fcye, RSI&#8217;dan devre kesiciye kadar y\u00fczlerce kavram, yat\u0131r\u0131m kararlar\u0131n\u0131 do\u011frudan etkiler. Bu terimleri bilmeden i\u015flem...<\/div><div class=\"gt-bottom\"><a href=\"https:\/\/synergiaacademy.com\/?p=10423\" class=\"gt-more\">Read More<\/a><\/div><\/div><\/div><\/div><div class=\"gt-col\"><div class=\"gt-inner\"><div class=\"gt-post-style-1\"><div class=\"gt-image\"><a href=\"https:\/\/synergiaacademy.com\/?p=10203\"><img decoding=\"async\" width=\"870\" height=\"550\" src=\"https:\/\/synergiaacademy.com\/wp-content\/uploads\/2025\/12\/academyblog_yatirimci_psikolojisi-870x550.png\" class=\"attachment-eventchamp-big-post size-eventchamp-big-post wp-post-image\" alt=\"\" srcset=\"https:\/\/synergiaacademy.com\/wp-content\/uploads\/2025\/12\/academyblog_yatirimci_psikolojisi-870x550.png 870w, https:\/\/synergiaacademy.com\/wp-content\/uploads\/2025\/12\/academyblog_yatirimci_psikolojisi-18x10.png 18w\" sizes=\"(max-width: 870px) 100vw, 870px\" \/><\/a><\/div><div class=\"gt-title\"><a href=\"https:\/\/synergiaacademy.com\/?p=10203\">Yat\u0131r\u0131mc\u0131 Psikolojisi: Ba\u015far\u0131da Duygular\u0131n Rol\u00fc<\/a><\/div><div class=\"gt-excerpt\">Borsa yaln\u0131zca say\u0131lar ve grafiklerden ibaret de\u011fildir. Yat\u0131r\u0131m kararlar\u0131n\u0131 en az finansal veriler kadar etkileyen g\u00f6r\u00fcnmez bir unsur vard\u0131r: insan psikolojisi. \u00c7o\u011fu zaman yat\u0131r\u0131mc\u0131lar\u0131n kay\u0131plar\u0131n\u0131n sebebi yanl\u0131\u015f hisse se\u00e7mek de\u011fil, yanl\u0131\u015f zamanda yanl\u0131\u015f duygularla i\u015flem yapmalar\u0131d\u0131r. Ara\u015ft\u0131rmalar, yat\u0131r\u0131mc\u0131lar\u0131n b\u00fcy\u00fck k\u0131sm\u0131n\u0131n...<\/div><div class=\"gt-bottom\"><a href=\"https:\/\/synergiaacademy.com\/?p=10203\" class=\"gt-more\">Read More<\/a><\/div><\/div><\/div><\/div><div class=\"gt-col\"><div class=\"gt-inner\"><div class=\"gt-post-style-1\"><div class=\"gt-image\"><a href=\"https:\/\/synergiaacademy.com\/?p=10200\"><img decoding=\"async\" width=\"870\" height=\"550\" src=\"https:\/\/synergiaacademy.com\/wp-content\/uploads\/2025\/12\/academyblog_spl_nedir-870x550.png\" class=\"attachment-eventchamp-big-post size-eventchamp-big-post wp-post-image\" alt=\"\" srcset=\"https:\/\/synergiaacademy.com\/wp-content\/uploads\/2025\/12\/academyblog_spl_nedir-870x550.png 870w, https:\/\/synergiaacademy.com\/wp-content\/uploads\/2025\/12\/academyblog_spl_nedir-18x10.png 18w\" sizes=\"(max-width: 870px) 100vw, 870px\" \/><\/a><\/div><div class=\"gt-title\"><a href=\"https:\/\/synergiaacademy.com\/?p=10200\">SPL Nedir? Sermaye Piyasas\u0131nda Lisanslama ve \u00d6nemi<\/a><\/div><div class=\"gt-excerpt\">T\u00fcrkiye\u2019de sermaye piyasalar\u0131nda g\u00fcvenli ve profesyonel bir ortam\u0131n olu\u015fmas\u0131 i\u00e7in yaln\u0131zca yat\u0131r\u0131mc\u0131lar\u0131n de\u011fil, bu piyasada \u00e7al\u0131\u015fan profesyonellerin de belirli standartlara sahip olmas\u0131 gerekir. \u0130\u015fte bu noktada devreye Sermaye Piyasas\u0131 Lisanslama Sicil ve E\u011fitim Kurulu\u015fu A.\u015e. (SPL) girer.2001 y\u0131l\u0131nda kurulan SPL,...<\/div><div class=\"gt-bottom\"><a href=\"https:\/\/synergiaacademy.com\/?p=10200\" class=\"gt-more\">Read More<\/a><\/div><\/div><\/div><\/div><div class=\"gt-col\"><div class=\"gt-inner\"><div class=\"gt-post-style-1\"><div class=\"gt-image\"><a href=\"https:\/\/synergiaacademy.com\/?p=10197\"><img loading=\"lazy\" decoding=\"async\" width=\"870\" height=\"550\" src=\"https:\/\/synergiaacademy.com\/wp-content\/uploads\/2025\/12\/academyblog_borsa_nedir-870x550.png\" class=\"attachment-eventchamp-big-post size-eventchamp-big-post wp-post-image\" alt=\"\" srcset=\"https:\/\/synergiaacademy.com\/wp-content\/uploads\/2025\/12\/academyblog_borsa_nedir-870x550.png 870w, https:\/\/synergiaacademy.com\/wp-content\/uploads\/2025\/12\/academyblog_borsa_nedir-18x10.png 18w\" sizes=\"(max-width: 870px) 100vw, 870px\" \/><\/a><\/div><div class=\"gt-title\"><a href=\"https:\/\/synergiaacademy.com\/?p=10197\">Hisse Senedi Nedir ve Nas\u0131l Al\u0131n\u0131r? Ba\u015flang\u0131\u00e7 Rehberi<\/a><\/div><div class=\"gt-excerpt\">Hisse senedi, borsan\u0131n en bilinen ve en \u00e7ok i\u015flem g\u00f6ren yat\u0131r\u0131m arac\u0131d\u0131r. \u015eirketler, b\u00fcy\u00fcmek ve fon sa\u011flamak i\u00e7in sermayelerini k\u00fc\u00e7\u00fck par\u00e7alara b\u00f6ler ve yat\u0131r\u0131mc\u0131lara hisse senedi ihra\u00e7 eder. Bir hisse senedi sat\u0131n ald\u0131\u011f\u0131n\u0131zda, \u015firketin gelece\u011fine ortak olursunuz. Yat\u0131r\u0131mc\u0131 i\u00e7in bu...<\/div><div class=\"gt-bottom\"><a href=\"https:\/\/synergiaacademy.com\/?p=10197\" class=\"gt-more\">Read More<\/a><\/div><\/div><\/div><\/div><div class=\"gt-col\"><div class=\"gt-inner\"><div class=\"gt-post-style-1\"><div class=\"gt-image\"><a href=\"https:\/\/synergiaacademy.com\/?p=10193\"><img loading=\"lazy\" decoding=\"async\" width=\"870\" height=\"550\" src=\"https:\/\/synergiaacademy.com\/wp-content\/uploads\/2025\/12\/academyblog_borsa_nedir-870x550.png\" class=\"attachment-eventchamp-big-post size-eventchamp-big-post wp-post-image\" alt=\"\" srcset=\"https:\/\/synergiaacademy.com\/wp-content\/uploads\/2025\/12\/academyblog_borsa_nedir-870x550.png 870w, https:\/\/synergiaacademy.com\/wp-content\/uploads\/2025\/12\/academyblog_borsa_nedir-18x10.png 18w\" sizes=\"(max-width: 870px) 100vw, 870px\" \/><\/a><\/div><div class=\"gt-title\"><a href=\"https:\/\/synergiaacademy.com\/?p=10193\">Borsada Yat\u0131r\u0131m Nas\u0131l Yap\u0131l\u0131r? 2025 Ad\u0131m Ad\u0131m Rehber<\/a><\/div><div class=\"gt-excerpt\">Borsada yat\u0131r\u0131m yapmak, bir\u00e7ok ki\u015finin finansal \u00f6zg\u00fcrl\u00fc\u011fe giden yolda att\u0131\u011f\u0131 ilk ad\u0131md\u0131r. Birikimlerinizi de\u011ferlendirmek, uzun vadeli sermaye kazanc\u0131 sa\u011flamak veya d\u00fczenli temett\u00fc geliri elde etmek istiyorsan\u0131z borsa size bu imk\u00e2n\u0131 sunar. Ancak borsa, ayn\u0131 zamanda ciddi riskler bar\u0131nd\u0131ran bir piyasad\u0131r....<\/div><div class=\"gt-bottom\"><a href=\"https:\/\/synergiaacademy.com\/?p=10193\" class=\"gt-more\">Read More<\/a><\/div><\/div><\/div><\/div><div class=\"gt-col\"><div class=\"gt-inner\"><div class=\"gt-post-style-1\"><div class=\"gt-image\"><a href=\"https:\/\/synergiaacademy.com\/?p=10190\"><img loading=\"lazy\" decoding=\"async\" width=\"870\" height=\"550\" src=\"https:\/\/synergiaacademy.com\/wp-content\/uploads\/2025\/12\/academyblog_borsada-temel_analiz-870x550.png\" class=\"attachment-eventchamp-big-post size-eventchamp-big-post wp-post-image\" alt=\"\" srcset=\"https:\/\/synergiaacademy.com\/wp-content\/uploads\/2025\/12\/academyblog_borsada-temel_analiz-870x550.png 870w, https:\/\/synergiaacademy.com\/wp-content\/uploads\/2025\/12\/academyblog_borsada-temel_analiz-18x10.png 18w\" sizes=\"(max-width: 870px) 100vw, 870px\" \/><\/a><\/div><div class=\"gt-title\"><a href=\"https:\/\/synergiaacademy.com\/?p=10190\">Borsada Temel Analiz Nedir?<\/a><\/div><div class=\"gt-excerpt\">Borsada yat\u0131r\u0131m yaparken en \u00e7ok duyulan kavramlardan biri \u201ctemel analiz\u201ddir. Ancak bir\u00e7ok yeni yat\u0131r\u0131mc\u0131, temel analizi yaln\u0131zca bilan\u00e7o okumak ya da gelir tablosuna bakmak olarak g\u00f6r\u00fcr. Oysa temel analiz, bundan \u00e7ok daha kapsaml\u0131 bir yakla\u015f\u0131m\u0131 ifade eder.Temel analiz, bir \u015firketin...<\/div><div class=\"gt-bottom\"><a href=\"https:\/\/synergiaacademy.com\/?p=10190\" class=\"gt-more\">Read More<\/a><\/div><\/div><\/div><\/div><\/div><nav class=\"gt-pagination\"><ul><li><a href=\"https:\/\/synergiaacademy.com\/index.php?rest_route=%2Fwp%2Fv2%2Fpages%2F10275&#038;paged=2\" >Next<\/a><\/li><\/ul><\/nav><\/div><div class=\"vc_empty_space\"   style=\"height: 32px\"><span class=\"vc_empty_space_inner\"><\/span><\/div><\/div><\/div><\/div><\/div>\n<\/div>","protected":false},"excerpt":{"rendered":"Borsada yat\u0131r\u0131m yaparken en \u00e7ok duyulan kavramlardan biri \u201ctemel analiz\u201ddir. Ancak bir\u00e7ok yeni yat\u0131r\u0131mc\u0131, temel analizi yaln\u0131zca bilan\u00e7o okumak ya da gelir tablosuna bakmak olarak g\u00f6r\u00fcr. Oysa temel analiz, bundan \u00e7ok daha kapsaml\u0131 bir yakla\u015f\u0131m\u0131 ifade eder.Temel analiz, bir \u015firketin...","protected":false},"author":1,"featured_media":0,"parent":0,"menu_order":0,"comment_status":"closed","ping_status":"closed","template":"","meta":{"footnotes":""},"class_list":["post-10275","page","type-page","status-publish","hentry"],"_hostinger_reach_plugin_has_subscription_block":false,"_hostinger_reach_plugin_is_elementor":false,"_links":{"self":[{"href":"https:\/\/synergiaacademy.com\/index.php?rest_route=\/wp\/v2\/pages\/10275","targetHints":{"allow":["GET"]}}],"collection":[{"href":"https:\/\/synergiaacademy.com\/index.php?rest_route=\/wp\/v2\/pages"}],"about":[{"href":"https:\/\/synergiaacademy.com\/index.php?rest_route=\/wp\/v2\/types\/page"}],"author":[{"embeddable":true,"href":"https:\/\/synergiaacademy.com\/index.php?rest_route=\/wp\/v2\/users\/1"}],"replies":[{"embeddable":true,"href":"https:\/\/synergiaacademy.com\/index.php?rest_route=%2Fwp%2Fv2%2Fcomments&post=10275"}],"version-history":[{"count":12,"href":"https:\/\/synergiaacademy.com\/index.php?rest_route=\/wp\/v2\/pages\/10275\/revisions"}],"predecessor-version":[{"id":10433,"href":"https:\/\/synergiaacademy.com\/index.php?rest_route=\/wp\/v2\/pages\/10275\/revisions\/10433"}],"wp:attachment":[{"href":"https:\/\/synergiaacademy.com\/index.php?rest_route=%2Fwp%2Fv2%2Fmedia&parent=10275"}],"curies":[{"name":"wp","href":"https:\/\/api.w.org\/{rel}","templated":true}]}}