{"id":1183,"date":"2018-12-03T16:33:13","date_gmt":"2018-12-03T16:33:13","guid":{"rendered":"https:\/\/demo.gloriathemes.com\/eventchamp\/demo\/?page_id=1183"},"modified":"2026-03-30T12:01:14","modified_gmt":"2026-03-30T12:01:14","slug":"faq","status":"publish","type":"page","link":"https:\/\/synergiaacademy.com\/?page_id=1183","title":{"rendered":"Ekibimiz"},"content":{"rendered":"<div class=\"wpb-content-wrapper\"><div class=\"vc_row wpb_row vc_row-fluid gt-background-position-initial gt-background-attachment-initial gt-overflow-hidden gt-text-default\"><div class=\"wpb_column vc_column_container vc_col-sm-12 vc_col-xs-12\"><div class=\"vc_column-inner\"><div class=\"wpb_wrapper\"><div class=\"gt-heading gt-white gt-size1 gt-align-center\"><div class=\"gt-title\"><span>Y\u00d6NET\u0130M EK\u0130B\u0130<\/span><\/div><\/div><div class=\"vc_empty_space\"   style=\"height: 20px\"><span class=\"vc_empty_space_inner\"><\/span><\/div><\/div><\/div><\/div><\/div><div class=\"vc_row wpb_row vc_row-fluid gt-background-position-initial gt-background-attachment-initial gt-overflow-hidden gt-text-default\"><div class=\"wpb_column vc_column_container vc_col-sm-3\"><div class=\"vc_column-inner\"><div class=\"wpb_wrapper\">\n\t<div class=\"wpb_raw_code wpb_raw_html wpb_content_element\" >\n\t\t<div class=\"wpb_wrapper\">\n\t\t\t<div class=\"team-card\">\r\n    <div class=\"card-image-container\">\r\n        <img decoding=\"async\" src=\"https:\/\/synergiaacademy.com\/wp-content\/uploads\/2025\/10\/ali-cihan-kurt-web-1.jpeg\" alt=\"Ekip \u00dcyesi\">\r\n        <div class=\"social-links\">\r\n            <a href=\"https:\/\/www.linkedin.com\/in\/ali-cihan-kurt-phd-466b0b30?utm_source=share_via&utm_content=profile&utm_medium=member_ios\" class=\"linkedin\">\r\n                <svg width=\"20\" height=\"20\" viewBox=\"0 0 24 24\" fill=\"currentColor\">\r\n                    <path d=\"M20.447 20.452h-3.554v-5.569c0-1.328-.027-3.037-1.852-3.037-1.853 0-2.136 1.445-2.136 2.939v5.667H9.351V9h3.414v1.561h.046c.477-.9 1.637-1.85 3.37-1.85 3.601 0 4.267 2.37 4.267 5.455v6.286zM5.337 7.433c-1.144 0-2.063-.926-2.063-2.065 0-1.138.92-2.063 2.063-2.063 1.14 0 2.064.925 2.064 2.063 0 1.139-.925 2.065-2.064 2.065zm1.782 13.019H3.555V9h3.564v11.452zM22.225 0H1.771C.792 0 0 .774 0 1.729v20.542C0 23.227.792 24 1.771 24h20.451C23.2 24 24 23.227 24 22.271V1.729C24 .774 23.2 0 22.222 0h.003z\"\/>\r\n                <\/svg>\r\n            <\/a>\r\n        <\/div>\r\n    <\/div>\r\n    <div class=\"card-info\">\r\n        <h3>Ali Cihan Kurt<\/h3>\r\n        <h4>Kurucu Ortak<\/h4>\r\n    <\/div>\r\n<\/div>\r\n\n\t\t<\/div>\n\t<\/div>\n\n\t<div class=\"wpb_raw_code wpb_raw_html wpb_content_element\" >\n\t\t<div class=\"wpb_wrapper\">\n\t\t\t<div class=\"team-card\">\r\n    <div class=\"card-image-container\">\r\n        <img decoding=\"async\" src=\"https:\/\/synergiaacademy.com\/wp-content\/uploads\/2025\/12\/volkankocabas-academyweb.jpeg\" alt=\"Ekip \u00dcyesi\">\r\n        <div class=\"social-links\">\r\n            <a href=\"https:\/\/x.com\/volkankocabas_\" class=\"twitter\">\r\n                <svg width=\"20\" height=\"20\" viewBox=\"0 0 24 24\" fill=\"currentColor\">\r\n                        <path d=\"M18.244 2.25h3.308l-7.227 8.26 8.502 11.24H16.17l-5.214-6.817L4.99 21.75H1.68l7.73-8.835L1.254 2.25H8.08l4.713 6.231zm-1.161 17.52h1.833L7.084 4.126H5.117z\"\/>\r\n                    <\/svg>\r\n            <\/a>\r\n        <\/div>\r\n    <\/div>\r\n    <div class=\"card-info\">\r\n        <h3>Volkan Kocaba\u015f<\/h3>\r\n        <h4>E\u011fitim Koordinat\u00f6r\u00fc<\/h4>\r\n    <\/div>\r\n<\/div>\r\n\n\t\t<\/div>\n\t<\/div>\n<\/div><\/div><\/div><div class=\"wpb_column vc_column_container vc_col-sm-3\"><div class=\"vc_column-inner\"><div class=\"wpb_wrapper\">\n\t<div class=\"wpb_raw_code wpb_raw_html wpb_content_element\" >\n\t\t<div class=\"wpb_wrapper\">\n\t\t\t\r\n    <div class=\"team-card\">\r\n        <div class=\"card-image-container\">\r\n            <img decoding=\"async\" src=\"https:\/\/synergiaacademy.com\/wp-content\/uploads\/2025\/10\/ozkan-filiz-web.jpg\" alt=\"Ekip \u00dcyesi\">\r\n            <div class=\"social-links\">\r\n                <a href=\"https:\/\/x.com\/zknflz?s=21\" class=\"twitter\">\r\n                    <svg width=\"20\" height=\"20\" viewBox=\"0 0 24 24\" fill=\"currentColor\">\r\n                        <path d=\"M18.244 2.25h3.308l-7.227 8.26 8.502 11.24H16.17l-5.214-6.817L4.99 21.75H1.68l7.73-8.835L1.254 2.25H8.08l4.713 6.231zm-1.161 17.52h1.833L7.084 4.126H5.117z\"\/>\r\n                    <\/svg>\r\n                <\/a>\r\n                <a href=\"https:\/\/www.linkedin.com\/in\/%C3%B6zkan-filiz-09675422a?utm_source=share_via&utm_content=profile&utm_medium=member_ios\" class=\"linkedin\">\r\n                    <svg width=\"20\" height=\"20\" viewBox=\"0 0 24 24\" fill=\"currentColor\">\r\n                        <path d=\"M20.447 20.452h-3.554v-5.569c0-1.328-.027-3.037-1.852-3.037-1.853 0-2.136 1.445-2.136 2.939v5.667H9.351V9h3.414v1.561h.046c.477-.9 1.637-1.85 3.37-1.85 3.601 0 4.267 2.37 4.267 5.455v6.286zM5.337 7.433c-1.144 0-2.063-.926-2.063-2.065 0-1.138.92-2.063 2.063-2.063 1.14 0 2.064.925 2.064 2.063 0 1.139-.925 2.065-2.064 2.065zm1.782 13.019H3.555V9h3.564v11.452zM22.225 0H1.771C.792 0 0 .774 0 1.729v20.542C0 23.227.792 24 1.771 24h20.451C23.2 24 24 23.227 24 22.271V1.729C24 .774 23.2 0 22.222 0h.003z\"\/>\r\n                    <\/svg>\r\n                <\/a>\r\n            <\/div>\r\n        <\/div>\r\n        <div class=\"card-info\">\r\n            <h3>\u00d6zkan F\u0130L\u0130Z<\/h3>\r\n            <h4>Kurucu Ortak<\/h4>\r\n        <\/div>\r\n    <\/div>\r\n\n\t\t<\/div>\n\t<\/div>\n\n\t<div class=\"wpb_raw_code wpb_raw_html wpb_content_element\" >\n\t\t<div class=\"wpb_wrapper\">\n\t\t\t<div class=\"team-card\">\r\n    <div class=\"card-image-container\">\r\n        <img decoding=\"async\" src=\"https:\/\/synergiaacademy.com\/wp-content\/uploads\/2025\/12\/zeynepbetulapak-academyweb.jpeg\" alt=\"Ekip \u00dcyesi\">\r\n        <div class=\"social-links\">\r\n            <a href=\"https:\/\/www.linkedin.com\/in\/zeynep-bet%C3%BCl-apak-17a11526a\/\" class=\"linkedin\">\r\n                <svg width=\"20\" height=\"20\" viewBox=\"0 0 24 24\" fill=\"currentColor\">\r\n                    <path d=\"M20.447 20.452h-3.554v-5.569c0-1.328-.027-3.037-1.852-3.037-1.853 0-2.136 1.445-2.136 2.939v5.667H9.351V9h3.414v1.561h.046c.477-.9 1.637-1.85 3.37-1.85 3.601 0 4.267 2.37 4.267 5.455v6.286zM5.337 7.433c-1.144 0-2.063-.926-2.063-2.065 0-1.138.92-2.063 2.063-2.063 1.14 0 2.064.925 2.064 2.063 0 1.139-.925 2.065-2.064 2.065zm1.782 13.019H3.555V9h3.564v11.452zM22.225 0H1.771C.792 0 0 .774 0 1.729v20.542C0 23.227.792 24 1.771 24h20.451C23.2 24 24 23.227 24 22.271V1.729C24 .774 23.2 0 22.222 0h.003z\"\/>\r\n                <\/svg>\r\n            <\/a>\r\n        <\/div>\r\n    <\/div>\r\n    <div class=\"card-info\">\r\n        <h3>Zeynep Bet\u00fcl Apak<\/h3>\r\n        <h4>Kreatif Koordinat\u00f6r<\/h4>\r\n    <\/div>\r\n<\/div>\r\n\n\t\t<\/div>\n\t<\/div>\n<\/div><\/div><\/div><div class=\"wpb_column vc_column_container vc_col-sm-3\"><div class=\"vc_column-inner\"><div class=\"wpb_wrapper\">\n\t<div class=\"wpb_raw_code wpb_raw_html wpb_content_element\" >\n\t\t<div class=\"wpb_wrapper\">\n\t\t\t<div class=\"team-card\">\r\n    <div class=\"card-image-container\">\r\n        <img decoding=\"async\" src=\"https:\/\/synergiaacademy.com\/wp-content\/uploads\/2025\/09\/WhatsApp-Image-2025-12-05-at-21.52.42.jpeg\" alt=\"Ekip \u00dcyesi\">\r\n        <div class=\"social-links\">\r\n            <a href=\"https:\/\/www.linkedin.com\/in\/mustafagen\u00e7t\u00fcrk?utm_source=share_via&utm_content=profile&utm_medium=member_ios\" class=\"linkedin\">\r\n                <svg width=\"20\" height=\"20\" viewBox=\"0 0 24 24\" fill=\"currentColor\">\r\n                    <path d=\"M20.447 20.452h-3.554v-5.569c0-1.328-.027-3.037-1.852-3.037-1.853 0-2.136 1.445-2.136 2.939v5.667H9.351V9h3.414v1.561h.046c.477-.9 1.637-1.85 3.37-1.85 3.601 0 4.267 2.37 4.267 5.455v6.286zM5.337 7.433c-1.144 0-2.063-.926-2.063-2.065 0-1.138.92-2.063 2.063-2.063 1.14 0 2.064.925 2.064 2.063 0 1.139-.925 2.065-2.064 2.065zm1.782 13.019H3.555V9h3.564v11.452zM22.225 0H1.771C.792 0 0 .774 0 1.729v20.542C0 23.227.792 24 1.771 24h20.451C23.2 24 24 23.227 24 22.271V1.729C24 .774 23.2 0 22.222 0h.003z\"\/>\r\n                <\/svg>\r\n            <\/a>\r\n        <\/div>\r\n    <\/div>\r\n    <div class=\"card-info\">\r\n        <h3>Mustafa Gen\u00e7t\u00fcrk<\/h3>\r\n        <h4>CTO<\/h4>\r\n    <\/div>\r\n<\/div>\r\n\n\t\t<\/div>\n\t<\/div>\n<\/div><\/div><\/div><div class=\"wpb_column vc_column_container vc_col-sm-3\"><div class=\"vc_column-inner\"><div class=\"wpb_wrapper\">\n\t<div class=\"wpb_raw_code wpb_raw_html wpb_content_element\" >\n\t\t<div class=\"wpb_wrapper\">\n\t\t\t<div class=\"team-card\">\r\n    <div class=\"card-image-container\">\r\n        <img decoding=\"async\" src=\"https:\/\/synergiaacademy.com\/wp-content\/uploads\/2025\/12\/defneminatan-academyweb.jpg\" alt=\"Ekip \u00dcyesi\">\r\n        <div class=\"social-links\">\r\n            <a href=\"https:\/\/www.linkedin.com\/in\/defneminatan?utm_source=share_via&utm_content=profile&utm_medium=member_ios\" class=\"linkedin\">\r\n                <svg width=\"20\" height=\"20\" viewBox=\"0 0 24 24\" fill=\"currentColor\">\r\n                    <path d=\"M20.447 20.452h-3.554v-5.569c0-1.328-.027-3.037-1.852-3.037-1.853 0-2.136 1.445-2.136 2.939v5.667H9.351V9h3.414v1.561h.046c.477-.9 1.637-1.85 3.37-1.85 3.601 0 4.267 2.37 4.267 5.455v6.286zM5.337 7.433c-1.144 0-2.063-.926-2.063-2.065 0-1.138.92-2.063 2.063-2.063 1.14 0 2.064.925 2.064 2.063 0 1.139-.925 2.065-2.064 2.065zm1.782 13.019H3.555V9h3.564v11.452zM22.225 0H1.771C.792 0 0 .774 0 1.729v20.542C0 23.227.792 24 1.771 24h20.451C23.2 24 24 23.227 24 22.271V1.729C24 .774 23.2 0 22.222 0h.003z\"\/>\r\n                <\/svg>\r\n            <\/a>\r\n        <\/div>\r\n    <\/div>\r\n    <div class=\"card-info\">\r\n        <h3>Defne Mina Tan<\/h3>\r\n        <h4>Koordinat\u00f6r<\/h4>\r\n    <\/div>\r\n<\/div>\r\n\n\t\t<\/div>\n\t<\/div>\n<\/div><\/div><\/div><\/div><div class=\"vc_row wpb_row vc_row-fluid gt-background-position-initial gt-background-attachment-initial gt-overflow-hidden gt-text-default\"><div class=\"wpb_column vc_column_container vc_col-sm-12\"><div class=\"vc_column-inner\"><div class=\"wpb_wrapper\"><div class=\"vc_empty_space\"   style=\"height: 20px\"><span class=\"vc_empty_space_inner\"><\/span><\/div><div class=\"gt-heading gt-white gt-size1 gt-align-center\"><div class=\"gt-title\"><span>E\u011e\u0130TMENLER\u0130M\u0130Z &amp; DANI\u015eMANLARIMIZ<\/span><\/div><div class=\"gt-separate\"><svg xmlns=\"https:\/\/www.w3.org\/2000\/svg\" viewBox=\"0 0 24 24\" fill=\"none\" stroke=\"currentColor\" stroke-width=\"2\" stroke-linecap=\"round\" stroke-linejoin=\"round\"><path d=\"M21 16V8a2 2 0 0 0-1-1.73l-7-4a2 2 0 0 0-2 0l-7 4A2 2 0 0 0 3 8v8a2 2 0 0 0 1 1.73l7 4a2 2 0 0 0 2 0l7-4A2 2 0 0 0 21 16z\"><\/path><polyline points=\"3.27 6.96 12 12.01 20.73 6.96\"><\/polyline><line x1=\"12\" y1=\"22.08\" x2=\"12\" y2=\"12\"><\/line><\/svg><\/div><\/div><div class=\"vc_empty_space\"   style=\"height: 10px\"><span class=\"vc_empty_space_inner\"><\/span><\/div><\/div><\/div><\/div><\/div><div class=\"vc_row wpb_row vc_row-fluid gt-background-position-initial gt-background-attachment-initial gt-overflow-hidden gt-text-default\"><div class=\"wpb_column vc_column_container vc_col-sm-3\"><div class=\"vc_column-inner\"><div class=\"wpb_wrapper\">\n\t<div class=\"wpb_raw_code wpb_raw_html wpb_content_element\" >\n\t\t<div class=\"wpb_wrapper\">\n\t\t\t<div class=\"team-card\">\r\n    <div class=\"card-image-container\">\r\n        <img decoding=\"async\" src=\"https:\/\/synergiaacademy.com\/wp-content\/uploads\/2025\/12\/furkananaliz-academyweb-1.jpg\" alt=\"Ekip \u00dcyesi\">\r\n        <div class=\"social-links\">\r\n            <a href=\"https:\/\/x.com\/furkananaliz\" class=\"twitter\">\r\n                <svg width=\"20\" height=\"20\" viewBox=\"0 0 24 24\" fill=\"currentColor\">\r\n                        <path d=\"M18.244 2.25h3.308l-7.227 8.26 8.502 11.24H16.17l-5.214-6.817L4.99 21.75H1.68l7.73-8.835L1.254 2.25H8.08l4.713 6.231zm-1.161 17.52h1.833L7.084 4.126H5.117z\"\/>\r\n                    <\/svg>\r\n            <\/a>\r\n        <\/div>\r\n    <\/div>\r\n    <div class=\"card-info\">\r\n        <h3>Furkan Analiz<\/h3>\r\n        <h4>Trader<\/h4>\r\n    <\/div>\r\n<\/div>\r\n\n\t\t<\/div>\n\t<\/div>\n\n\t<div class=\"wpb_raw_code wpb_raw_html wpb_content_element\" >\n\t\t<div class=\"wpb_wrapper\">\n\t\t\t<div class=\"team-card\">\r\n    <div class=\"card-image-container\">\r\n        <img decoding=\"async\" src=\"https:\/\/synergiaacademy.com\/wp-content\/uploads\/2025\/12\/berkcaliskan-academyweb-1.jpg\">\r\n        <div class=\"social-links\">\r\n            <a href=\"https:\/\/x.com\/cakmaustad\" class=\"twitter\">\r\n                <svg width=\"20\" height=\"20\" viewBox=\"0 0 24 24\" fill=\"currentColor\">\r\n                        <path d=\"M18.244 2.25h3.308l-7.227 8.26 8.502 11.24H16.17l-5.214-6.817L4.99 21.75H1.68l7.73-8.835L1.254 2.25H8.08l4.713 6.231zm-1.161 17.52h1.833L7.084 4.126H5.117z\"\/>\r\n                    <\/svg>\r\n            <\/a>\r\n        <\/div>\r\n    <\/div>\r\n    <div class=\"card-info\">\r\n        <h3>Berk \u00c7al\u0131\u015fkan<\/h3>\r\n        <h4>Teknik Analist<\/h4>\r\n    <\/div>\r\n<\/div>\r\n\n\t\t<\/div>\n\t<\/div>\n<\/div><\/div><\/div><div class=\"wpb_column vc_column_container vc_col-sm-3\"><div class=\"vc_column-inner\"><div class=\"wpb_wrapper\">\n\t<div class=\"wpb_raw_code wpb_raw_html wpb_content_element\" >\n\t\t<div class=\"wpb_wrapper\">\n\t\t\t<div class=\"team-card\">\r\n    <div class=\"card-image-container\">\r\n        <img decoding=\"async\" src=\"https:\/\/synergiaacademy.com\/wp-content\/uploads\/2025\/12\/kursadbucak-academyweb-1.jpg\" alt=\"Ekip \u00dcyesi\">\r\n        <div class=\"social-links\">\r\n            <a href=\"https:\/\/x.com\/kursadbucak\" class=\"twitter\">\r\n                <svg width=\"20\" height=\"20\" viewBox=\"0 0 24 24\" fill=\"currentColor\">\r\n                        <path d=\"M18.244 2.25h3.308l-7.227 8.26 8.502 11.24H16.17l-5.214-6.817L4.99 21.75H1.68l7.73-8.835L1.254 2.25H8.08l4.713 6.231zm-1.161 17.52h1.833L7.084 4.126H5.117z\"\/>\r\n                    <\/svg>\r\n            <\/a>\r\n        <\/div>\r\n    <\/div>\r\n    <div class=\"card-info\">\r\n        <h3>K\u00fcr\u015fad Bucak<\/h3>\r\n        <h4>Piyasa Analisti<\/h4>\r\n    <\/div>\r\n<\/div>\r\n\n\t\t<\/div>\n\t<\/div>\n\n\t<div class=\"wpb_raw_code wpb_raw_html wpb_content_element\" >\n\t\t<div class=\"wpb_wrapper\">\n\t\t\t<div class=\"team-card\">\r\n    <div class=\"card-image-container\">\r\n        <img decoding=\"async\" src=\"https:\/\/synergiaacademy.com\/wp-content\/uploads\/2025\/12\/gurkantellioglu-academyweb-3.jpg\" alt=\"Ekip \u00dcyesi\">\r\n        <div class=\"social-links\">\r\n            <a href=\"https:\/\/x.com\/gurkn_tellioglu\" class=\"twitter\">\r\n                <svg width=\"20\" height=\"20\" viewBox=\"0 0 24 24\" fill=\"currentColor\">\r\n                        <path d=\"M18.244 2.25h3.308l-7.227 8.26 8.502 11.24H16.17l-5.214-6.817L4.99 21.75H1.68l7.73-8.835L1.254 2.25H8.08l4.713 6.231zm-1.161 17.52h1.833L7.084 4.126H5.117z\"\/>\r\n                    <\/svg>\r\n            <\/a>\r\n        <\/div>\r\n    <\/div>\r\n    <div class=\"card-info\">\r\n        <h3>G\u00fcrkan Tellio\u011flu<\/h3>\r\n        <h4>Yat\u0131r\u0131m Dan\u0131\u015fman\u0131<\/h4>\r\n    <\/div>\r\n<\/div>\r\n\n\t\t<\/div>\n\t<\/div>\n<\/div><\/div><\/div><div class=\"wpb_column vc_column_container vc_col-sm-3\"><div class=\"vc_column-inner\"><div class=\"wpb_wrapper\">\n\t<div class=\"wpb_raw_code wpb_raw_html wpb_content_element\" >\n\t\t<div class=\"wpb_wrapper\">\n\t\t\t<div class=\"team-card\">\r\n    <div class=\"card-image-container\">\r\n        <img decoding=\"async\" src=\"https:\/\/synergiaacademy.com\/wp-content\/uploads\/2025\/12\/ilkerparmaksiz-academyweb-1.jpeg\" alt=\"Ekip \u00dcyesi\">\r\n        <div class=\"social-links\">\r\n            <a href=\"https:\/\/x.com\/ilkerpr\" class=\"twitter\">\r\n                <svg width=\"20\" height=\"20\" viewBox=\"0 0 24 24\" fill=\"currentColor\">\r\n                        <path d=\"M18.244 2.25h3.308l-7.227 8.26 8.502 11.24H16.17l-5.214-6.817L4.99 21.75H1.68l7.73-8.835L1.254 2.25H8.08l4.713 6.231zm-1.161 17.52h1.833L7.084 4.126H5.117z\"\/>\r\n                    <\/svg>\r\n            <\/a>\r\n        <\/div>\r\n    <\/div>\r\n    <div class=\"card-info\">\r\n        <h3>\u0130lker Parmaks\u0131z<\/h3>\r\n        <h4>Finansal Analist<\/h4>\r\n    <\/div>\r\n<\/div>\r\n\n\t\t<\/div>\n\t<\/div>\n\n\t<div class=\"wpb_raw_code wpb_raw_html wpb_content_element\" >\n\t\t<div class=\"wpb_wrapper\">\n\t\t\t<div class=\"team-card\">\r\n    <div class=\"card-image-container\">\r\n        <img decoding=\"async\" src=\"https:\/\/synergiaacademy.com\/wp-content\/uploads\/2025\/12\/emrahtoraman-academyweb-1.jpeg\" alt=\"Ekip \u00dcyesi\">\r\n        <div class=\"social-links\">\r\n            <a href=\"https:\/\/www.linkedin.com\/in\/emrahtoraman\/\" class=\"linkedin\">\r\n                <svg width=\"20\" height=\"20\" viewBox=\"0 0 24 24\" fill=\"currentColor\">\r\n                    <path d=\"M20.447 20.452h-3.554v-5.569c0-1.328-.027-3.037-1.852-3.037-1.853 0-2.136 1.445-2.136 2.939v5.667H9.351V9h3.414v1.561h.046c.477-.9 1.637-1.85 3.37-1.85 3.601 0 4.267 2.37 4.267 5.455v6.286zM5.337 7.433c-1.144 0-2.063-.926-2.063-2.065 0-1.138.92-2.063 2.063-2.063 1.14 0 2.064.925 2.064 2.063 0 1.139-.925 2.065-2.064 2.065zm1.782 13.019H3.555V9h3.564v11.452zM22.225 0H1.771C.792 0 0 .774 0 1.729v20.542C0 23.227.792 24 1.771 24h20.451C23.2 24 24 23.227 24 22.271V1.729C24 .774 23.2 0 22.222 0h.003z\"\/>\r\n                <\/svg>\r\n            <\/a>\r\n        <\/div>\r\n    <\/div>\r\n    <div class=\"card-info\">\r\n        <h3>Emrah Toraman<\/h3>\r\n        <h4>Pro Strateji Kurucu Ortak<\/h4>\r\n    <\/div>\r\n<\/div>\r\n\n\t\t<\/div>\n\t<\/div>\n<\/div><\/div><\/div><div class=\"wpb_column vc_column_container vc_col-sm-3\"><div class=\"vc_column-inner\"><div class=\"wpb_wrapper\">\n\t<div class=\"wpb_raw_code wpb_raw_html wpb_content_element\" >\n\t\t<div class=\"wpb_wrapper\">\n\t\t\t<div class=\"team-card\">\r\n    <div class=\"card-image-container\">\r\n        <img decoding=\"async\" src=\"https:\/\/synergiaacademy.com\/wp-content\/uploads\/2025\/12\/efelerinefesi-academyweb-1.jpg\" alt=\"Ekip \u00dcyesi\">\r\n        <div class=\"social-links\">\r\n            <a href=\"https:\/\/x.com\/efeleriinefesi3\" class=\"twitter\">\r\n                <svg width=\"20\" height=\"20\" viewBox=\"0 0 24 24\" fill=\"currentColor\">\r\n                        <path d=\"M18.244 2.25h3.308l-7.227 8.26 8.502 11.24H16.17l-5.214-6.817L4.99 21.75H1.68l7.73-8.835L1.254 2.25H8.08l4.713 6.231zm-1.161 17.52h1.833L7.084 4.126H5.117z\"\/>\r\n                    <\/svg>\r\n            <\/a>\r\n        <\/div>\r\n    <\/div>\r\n    <div class=\"card-info\">\r\n        <h3>Efelerin Efesi<\/h3>\r\n        <h4>Teknik Analiz E\u011fitmeni<\/h4>\r\n    <\/div>\r\n<\/div>\r\n\n\t\t<\/div>\n\t<\/div>\n\n\t<div class=\"wpb_raw_code wpb_raw_html wpb_content_element\" >\n\t\t<div class=\"wpb_wrapper\">\n\t\t\t<div class=\"team-card\">\r\n    <div class=\"card-image-container\">\r\n        <img decoding=\"async\" src=\"https:\/\/synergiaacademy.com\/wp-content\/uploads\/2025\/12\/aytugsenguller-academyweb-1-rotated.jpeg\" alt=\"Ekip \u00dcyesi\">\r\n        <div class=\"social-links\">\r\n            <a href=\"https:\/\/www.linkedin.com\/in\/aytugsenguller\/\" class=\"linkedin\">\r\n                <svg width=\"20\" height=\"20\" viewBox=\"0 0 24 24\" fill=\"currentColor\">\r\n                    <path d=\"M20.447 20.452h-3.554v-5.569c0-1.328-.027-3.037-1.852-3.037-1.853 0-2.136 1.445-2.136 2.939v5.667H9.351V9h3.414v1.561h.046c.477-.9 1.637-1.85 3.37-1.85 3.601 0 4.267 2.37 4.267 5.455v6.286zM5.337 7.433c-1.144 0-2.063-.926-2.063-2.065 0-1.138.92-2.063 2.063-2.063 1.14 0 2.064.925 2.064 2.063 0 1.139-.925 2.065-2.064 2.065zm1.782 13.019H3.555V9h3.564v11.452zM22.225 0H1.771C.792 0 0 .774 0 1.729v20.542C0 23.227.792 24 1.771 24h20.451C23.2 24 24 23.227 24 22.271V1.729C24 .774 23.2 0 22.222 0h.003z\"\/>\r\n                <\/svg>\r\n            <\/a>\r\n        <\/div>\r\n    <\/div>\r\n    <div class=\"card-info\">\r\n        <h3>Aytu\u011f \u015eeng\u00fcller<\/h3>\r\n        <h4>Pro Strateji Kurucu Ortak<\/h4>\r\n    <\/div>\r\n<\/div>\r\n\n\t\t<\/div>\n\t<\/div>\n<\/div><\/div><\/div><\/div>\n<\/div>","protected":false},"excerpt":{"rendered":"Y\u00d6NET\u0130M EK\u0130B\u0130 Ali Cihan Kurt Kurucu Ortak Volkan Kocaba\u015f E\u011fitim Koordinat\u00f6r\u00fc \u00d6zkan F\u0130L\u0130Z Kurucu Ortak Zeynep Bet\u00fcl Apak Kreatif Koordinat\u00f6r Mustafa Gen\u00e7t\u00fcrk CTO Defne Mina Tan Koordinat\u00f6r E\u011e\u0130TMENLER\u0130M\u0130Z &amp; DANI\u015eMANLARIMIZ Furkan Analiz Trader Berk \u00c7al\u0131\u015fkan Teknik Analist K\u00fcr\u015fad Bucak Piyasa...","protected":false},"author":1,"featured_media":0,"parent":0,"menu_order":0,"comment_status":"closed","ping_status":"closed","template":"","meta":{"footnotes":""},"class_list":["post-1183","page","type-page","status-publish","hentry"],"_hostinger_reach_plugin_has_subscription_block":false,"_hostinger_reach_plugin_is_elementor":false,"_links":{"self":[{"href":"https:\/\/synergiaacademy.com\/index.php?rest_route=\/wp\/v2\/pages\/1183","targetHints":{"allow":["GET"]}}],"collection":[{"href":"https:\/\/synergiaacademy.com\/index.php?rest_route=\/wp\/v2\/pages"}],"about":[{"href":"https:\/\/synergiaacademy.com\/index.php?rest_route=\/wp\/v2\/types\/page"}],"author":[{"embeddable":true,"href":"https:\/\/synergiaacademy.com\/index.php?rest_route=\/wp\/v2\/users\/1"}],"replies":[{"embeddable":true,"href":"https:\/\/synergiaacademy.com\/index.php?rest_route=%2Fwp%2Fv2%2Fcomments&post=1183"}],"version-history":[{"count":35,"href":"https:\/\/synergiaacademy.com\/index.php?rest_route=\/wp\/v2\/pages\/1183\/revisions"}],"predecessor-version":[{"id":13040,"href":"https:\/\/synergiaacademy.com\/index.php?rest_route=\/wp\/v2\/pages\/1183\/revisions\/13040"}],"wp:attachment":[{"href":"https:\/\/synergiaacademy.com\/index.php?rest_route=%2Fwp%2Fv2%2Fmedia&parent=1183"}],"curies":[{"name":"wp","href":"https:\/\/api.w.org\/{rel}","templated":true}]}}