{"id":12085,"date":"2026-01-30T14:39:59","date_gmt":"2026-01-30T14:39:59","guid":{"rendered":"https:\/\/synergiaacademy.com\/?page_id=12085"},"modified":"2026-01-30T14:41:27","modified_gmt":"2026-01-30T14:41:27","slug":"synergia-academy-gizlilik-beyani-kvkk-kapsaminda","status":"publish","type":"page","link":"https:\/\/synergiaacademy.com\/?page_id=12085","title":{"rendered":"Synergia Academy Gizlilik Beyan\u0131 (KVKK Kapsam\u0131nda)"},"content":{"rendered":"<div class=\"wpb-content-wrapper\"><div class=\"vc_row wpb_row vc_row-fluid gt-background-position-initial gt-background-attachment-initial gt-overflow-hidden gt-text-default\"><div class=\"wpb_column vc_column_container vc_col-sm-12\"><div class=\"vc_column-inner\"><div class=\"wpb_wrapper\">\n\t<div class=\"wpb_text_column wpb_content_element\" >\n\t\t<div class=\"wpb_wrapper\">\n\t\t\t<p class=\"svelte-121hp7c\" dir=\"auto\">Bu beyan <a href=\"http:\/\/www.synergiaacademy.com\/\" target=\"_blank\" rel=\"nofollow noopener\">www.synergiaacademy.com<\/a> (SLCN DANI\u015eMANLIK YAZILIM DI\u015e T\u0130CARET FREE PORT LTD.)\u2019nin gizlilik politikas\u0131n\u0131 i\u00e7erir. SLCN DANI\u015eMANLIK YAZILIM DI\u015e T\u0130CARET FREE PORT LTD. adresi: \u015eehit Biray Mustafa Sokak No:11 Yeni\u015fehir Lefko\u015fa KKTC\u2019d\u0131r. <a href=\"http:\/\/www.synergiaacademy.com\/\" target=\"_blank\" rel=\"nofollow noopener\">www.synergiaacademy.com<\/a> web sitesini ziyaret ederek a\u015fa\u011f\u0131daki \u015fartlar\u0131 ve kurallar\u0131 uygulamay\u0131 kabul etmi\u015f say\u0131lmaktas\u0131n\u0131z.<\/p>\n<div class=\"\"><\/div>\n<p class=\"svelte-121hp7c\" dir=\"auto\"><a href=\"http:\/\/www.synergiaacademy.com\/\" target=\"_blank\" rel=\"nofollow noopener\">www.synergiaacademy.com<\/a> \u00fcyelik a\u015famas\u0131nda ve daha sonras\u0131nda sizden baz\u0131 ki\u015fisel bilgilerinizi talep eder. Ki\u015fisel bilgilerinizin korunmas\u0131 ve gizlili\u011finizin s\u00fcrd\u00fcr\u00fclebilmesi, <a href=\"http:\/\/www.synergiaacademy.com\/\" target=\"_blank\" rel=\"nofollow noopener\">www.synergiaacademy.com<\/a> ekibi olarak birinci \u00f6nceli\u011fimizdir. Bu nedenle vermi\u015f oldu\u011funuz bilgiler, \u00dcyelik S\u00f6zle\u015fmesi\u2019nde belirtilen kurallar ve ama\u00e7lar d\u0131\u015f\u0131nda herhangi bir kapsamda kullan\u0131lmayacak, \u00fc\u00e7\u00fcnc\u00fc \u015fah\u0131slarla payla\u015f\u0131lmayacakt\u0131r.<\/p>\n<div class=\"\"><\/div>\n<p class=\"svelte-121hp7c\" dir=\"auto\">Sistemle ilgili sorunlar\u0131n tespiti ve s\u00f6z konusu sorunlar\u0131n en h\u0131zl\u0131 \u015fekilde giderilebilmesi i\u00e7in <a href=\"http:\/\/www.synergiaacademy.com\/\" target=\"_blank\" rel=\"nofollow noopener\">www.synergiaacademy.com<\/a> gerekti\u011finde kullan\u0131c\u0131lar\u0131n IP adresini tespit etmekte ve bunu kullanmaktad\u0131r. IP adresleri, kullan\u0131c\u0131lar\u0131 genel bir \u015fekilde tan\u0131mlamak ve kapsaml\u0131 demografik bilgi toplamak amac\u0131yla da kullan\u0131labilir.<\/p>\n<div class=\"\"><\/div>\n<p class=\"svelte-121hp7c\" dir=\"auto\">Sitemizdeki kay\u0131t formlar\u0131, sipari\u015f formlar\u0131, anketler ve yar\u0131\u015fmalarda, irtibat bilgilerinizi (ad\u0131n\u0131z, soyad\u0131n\u0131z, email adresiniz, telefon numaralar\u0131n\u0131z ve posta adresiniz) vermeniz talep edilmektedir. Ayr\u0131ca, sat\u0131n alma formunda kredi kart\u0131 bilgilerinizi vermeniz gerekmektedir. Yukar\u0131da bahsedilen ki\u015fisel bilgileriniz; sipari\u015flerinizi almak, \u00fcr\u00fcn ve hizmetlerimizi sunmak, \u00f6demelerinizi ger\u00e7ekle\u015ftirmek, sipari\u015flerinizi ula\u015ft\u0131rmak ve sipari\u015fleriniz ile ilgili bilgi vermek, \u00fcr\u00fcnler ve hizmetler hakk\u0131nda pazarlama amac\u0131yla sizinle irtibata ge\u00e7mek, bilgilerinizi g\u00fcncellemek, \u00fcyeli\u011finizi y\u00f6netmek ve s\u00fcrd\u00fcrmek, ilginizi \u00e7ekebilecek \u00fcr\u00fcn ve hizmetleri \u00f6nermek ve 3. \u015fah\u0131slar\u0131n teknik, lojistik ve benzeri di\u011fer i\u015flevlerini bizim ad\u0131m\u0131za yerine getirmelerini sa\u011flamak amac\u0131yla kullan\u0131lmaktad\u0131r.<\/p>\n<div class=\"\"><\/div>\n<p class=\"svelte-121hp7c\" dir=\"auto\">SLCN kullan\u0131c\u0131n\u0131n iste\u011fi d\u0131\u015f\u0131nda ticari ileti\u015fim faaliyeti yapmamay\u0131, izin al\u0131nmaks\u0131z\u0131n pazarlama yapmamay\u0131, kullan\u0131c\u0131n\u0131n sistemden \u00fccretsiz ve kolayca \u00e7\u0131kabilmesini sa\u011flayacak ara\u00e7lar sunmay\u0131 beyan ve taahh\u00fct eder.<\/p>\n<div class=\"\"><\/div>\n<p class=\"svelte-121hp7c\" dir=\"auto\"><a href=\"http:\/\/www.synergiaacademy.com\/\" target=\"_blank\" rel=\"nofollow noopener\">www.synergiaacademy.com<\/a> \u00fcyesi oldu\u011funuz andan itibaren, aksi taraf\u0131n\u0131zdan talep edilmedi\u011fi s\u00fcrece, g\u00fcnl\u00fck ve haftal\u0131k bilgilendirme emailleri, e-mail adresinize g\u00f6nderilecektir. Diledi\u011finiz zaman bu e-maillerle ilgili de\u011fi\u015fiklik yapma, hizmetten vazge\u00e7me ve yeniden ba\u015flatma hakk\u0131n\u0131z bulunmaktad\u0131r. Bu e-maillerin i\u00e7eri\u011fi; sat\u0131n alm\u0131\u015f oldu\u011funuz \u00fcr\u00fcn veya \u00fcr\u00fcnlerle ilgili bilgiler, ilgilenece\u011finizi d\u00fc\u015f\u00fcnd\u00fc\u011f\u00fcm\u00fcz di\u011fer \u00fcr\u00fcnler, 3. ki\u015filerin reklamlar\u0131n\u0131 ve benzeri bilgileri i\u00e7erebilir. Demografik bilgiler, sitemizi kullan\u0131c\u0131lar\u0131m\u0131z\u0131n ilgi alanlar\u0131na g\u00f6re uyarlamak i\u00e7in kullan\u0131lmaktad\u0131r. Bu bilgiler, reklamlar\u0131n hedef kitleye uyarlanabilmesini temin etmek maksad\u0131yla ve yaln\u0131zca di\u011fer kullan\u0131c\u0131lara ait bilgilerle birlikte olmak \u00fczere, reklam verenlerle payla\u015f\u0131labilir. Bu bilgilerde herhangi bir \u015fekilde ki\u015fisel bilgi verilmez, sadece grup olarak kullan\u0131c\u0131 e\u011filimleri ile ilgili bir tak\u0131m \u00e7\u0131kar\u0131mlar yapmak ve segmentasyon amac\u0131yla kullan\u0131l\u0131r. Toplanan mali bilgiler sat\u0131n ald\u0131\u011f\u0131n\u0131z \u00fcr\u00fcn ve hizmetleri size fatura etmek i\u00e7in kullan\u0131lmaktad\u0131r. Sitemizde bir sat\u0131n alma yapt\u0131\u011f\u0131n\u0131zda size ait mali bilgilerin, i\u015fleminizi ger\u00e7ekle\u015ftirmek i\u00e7in gerekli 3. \u015fah\u0131slara (bankalar, kredi kart\u0131 \u015firketleri vb.) verilmesini kabul etmektesiniz. Payla\u015f\u0131lacak bilgiler; kredi kart\u0131 numaras\u0131, son kullanma tarihi, CVV2 de dahil olmak \u00fczere gerekli t\u00fcm mali bilgileri i\u00e7erir.<\/p>\n<div class=\"\"><\/div>\n<p class=\"svelte-121hp7c\" dir=\"auto\"><a href=\"http:\/\/www.synergiaacademy.com\/\" target=\"_blank\" rel=\"nofollow noopener\">www.synergiaacademy.com<\/a> sa\u011flad\u0131\u011f\u0131 hizmet i\u00e7erisinden ve mobil uygulamalar\u0131ndan ba\u015fkaca sitelere link (ba\u011flant\u0131) sa\u011flayabilir. Anla\u015fmal\u0131 oldu\u011fu 3. Partilerin reklamlar\u0131n\u0131, ba\u015fvuru formlar\u0131n\u0131, duyurular\u0131n\u0131, anketlerini yay\u0131nlayabilir. SLCN, Kullan\u0131c\u0131lar\u0131 bu formlar, duyurular, anketler ve reklamlar arac\u0131l\u0131\u011f\u0131yla reklamveren veya anla\u015fmal\u0131 3. partilerin sitelerine \/ hizmetlerine \/ mobil uygulamalar\u0131na y\u00f6nlendirebilir. SLCN, bu link (ba\u011flant\u0131) yoluyla eri\u015filen di\u011fer sitelerin ve\/veya mobil uygulamalar\u0131n gizlilik uygulama ve politikalar\u0131na, ayr\u0131ca bar\u0131nd\u0131rd\u0131klar\u0131 g\u00f6rsel, metinsel her t\u00fcr i\u00e7eriklerine ili\u015fkin olarak hi\u00e7bir sorumluluk ta\u015f\u0131mamaktad\u0131r.<\/p>\n<div class=\"\"><\/div>\n<p class=\"svelte-121hp7c\" dir=\"auto\">Kullan\u0131c\u0131lar, site \u00fczerinden ba\u011flant\u0131 sa\u011flanan \u00fc\u00e7\u00fcnc\u00fc ki\u015fi ve kurumlara ait sitelerde bulunan hesaplar\u0131n\u0131n gizlilik ve g\u00fcvenli\u011finden kendisi sorumludur. Bu \u00fc\u00e7\u00fcnc\u00fc taraflar\u0131n gizlilik politikas\u0131ndan SLCN sorumlu tutulamaz.<\/p>\n<div class=\"\"><\/div>\n<p class=\"svelte-121hp7c\" dir=\"auto\">Kullan\u0131c\u0131lar, site \u00fczerindeki hesap ve \u015fifrelerinin g\u00fcvenli\u011finden ve gizlili\u011finden kendisi sorumludur. Sitenin kullan\u0131m\u0131 s\u0131ras\u0131nda veya hizmet al\u0131m\u0131 s\u0131ras\u0131nda herhangi bir verinin yedeklenmemesinden, zarar g\u00f6rmesinden veya herhangi bir ki\u015fisel verinin zarar g\u00f6rmesinden do\u011facak zararlardan SLCN sorumlu de\u011fildir.<\/p>\n<div class=\"\"><\/div>\n<p class=\"svelte-121hp7c\" dir=\"auto\">T\u00fcm kredi kart\u0131 ve ki\u015fisel bilgileriniz, internet g\u00fcvenlik standard\u0131 olan SSL Secure sistemi ile 128 mbit \u015fifrelenmi\u015ftir. Bu \u015fekilde, internet \u00fczerindeki dola\u015f\u0131mlar\u0131 s\u0131ras\u0131nda herhangi bir \u015fekilde bu bilgilerinizin istenilmeyen ki\u015fi veya kurumlar taraf\u0131ndan ele ge\u00e7irilmesi \u00f6nlenmi\u015ftir. Gizlilik politikam\u0131z ile ilgili her t\u00fcrl\u00fc soru ve \u00f6neriniz i\u00e7in sitemizdeki ileti\u015fim b\u00f6l\u00fcm\u00fcnden bize email g\u00f6nderebilirsiniz.<\/p>\n<div class=\"\"><\/div>\n<p class=\"svelte-121hp7c\" dir=\"auto\">6698 say\u0131l\u0131 Ki\u015fisel Verilerin \u0130\u015flenmesi Hakk\u0131nda Kanun uyar\u0131nca, elde edilen ki\u015fisel veriler SLCN taraf\u0131ndan, hukuka ve d\u00fcr\u00fcstl\u00fck kural\u0131na uygun, g\u00fcncel, me\u015fru ama\u00e7lar i\u00e7in, \u00f6l\u00e7\u00fcl\u00fc ve ilgili mevzuata uygun s\u00fcrelerle i\u015flenebilir.<\/p>\n<div class=\"\"><\/div>\n<p class=\"svelte-121hp7c\" dir=\"auto\">Elde edilen ki\u015fisel veriler, yurti\u00e7i veya yurtd\u0131\u015f\u0131nda SLCN\u2019in \u00e7al\u0131\u015ft\u0131\u011f\u0131 hizmet servis sa\u011flay\u0131c\u0131lar\u0131n\u0131n tesisi bulunan ba\u015fka bir \u00fclkede ilgili mevzuat ve \u00f6ng\u00f6r\u00fclen g\u00fcvenlik \u00f6nlemleri dahilinde veriler aktar\u0131labilir, depolanabilir, i\u015flenebilir.<\/p>\n<div class=\"\"><\/div>\n<p class=\"svelte-121hp7c\" dir=\"auto\">Ki\u015fisel veriler, (i) Kanunlarda a\u00e7\u0131k\u00e7a \u00f6ng\u00f6r\u00fclmesi, (ii) Bir s\u00f6zle\u015fmenin kurulmas\u0131 veya ifas\u0131yla do\u011frudan do\u011fruya ilgili olmas\u0131 kayd\u0131yla s\u00f6zle\u015fmenin taraflar\u0131na ait ki\u015fisel verilerin i\u015flenmesinin gerekli olmas\u0131, (iii) Veri sorumlusunun hukuki y\u00fck\u00fcml\u00fcl\u00fc\u011f\u00fcn\u00fc yerine getirebilmesi i\u00e7in zorunlu olmas\u0131, (iv) \u0130lgili ki\u015finin kendisi taraf\u0131ndan alenile\u015ftirilmi\u015f olmas\u0131 sebeplerinden biri veya birka\u00e7\u0131 ile ki\u015fisel veri sahibinin r\u0131zas\u0131 al\u0131nmaya gerek olmaks\u0131z\u0131n i\u015flenebilir. Kullan\u0131c\u0131, SLCN\u2019ye ba\u015fvurarak kendisiyle ilgili; Ki\u015fisel veri i\u015flenip i\u015flenmedi\u011fini \u00f6\u011frenme, i\u015flenmi\u015fse buna dair bilgi talebinde bulunma, Ki\u015fisel verilerin i\u015flenme amac\u0131n\u0131 ve amaca uygun kullan\u0131l\u0131p kullan\u0131lmad\u0131\u011f\u0131n\u0131 \u00f6\u011frenme, Yurt i\u00e7inde veya yurt d\u0131\u015f\u0131nda ki\u015fisel verilerin aktar\u0131ld\u0131\u011f\u0131 \u00fc\u00e7\u00fcnc\u00fc ki\u015fileri bilme, Ki\u015fisel verilerin eksik veya yanl\u0131\u015f i\u015flenmi\u015f olmas\u0131 halinde bunlar\u0131n d\u00fczeltilmesini isteme, \u0130lgili mevzuata g\u00f6re ki\u015fisel verilerin silinmesini veya yok edilmesini isteme, \u0130lgili mevzuata g\u00f6re d\u00fczeltme, silme ve yok edilme i\u015flemlerinin, bu verilerin aktar\u0131ld\u0131\u011f\u0131 \u00fc\u00e7\u00fcnc\u00fc ki\u015filere bildirilmesini isteme, \u0130\u015flenen verilerin m\u00fcnhas\u0131ran otomatik sistemler vas\u0131tas\u0131yla analiz edilmesi suretiyle ki\u015finin kendisi aleyhine bir sonucun ortaya \u00e7\u0131kmas\u0131na itiraz etme Ki\u015fisel verilerin kanuna ayk\u0131r\u0131 olarak i\u015flenmesi nedeniyle zarara u\u011franmas\u0131 halinde zarar\u0131n giderilmesini talep etme, haklar\u0131na sahiptir.<\/p>\n<div class=\"\"><\/div>\n<p class=\"svelte-121hp7c\" dir=\"auto\"><a href=\"http:\/\/www.synergiaacademy.com\/\" target=\"_blank\" rel=\"nofollow noopener\">www.synergiaacademy.com<\/a> \u00fcyelik iptal i\u015fleminizi <a href=\"mailto:info@synergiaacademy.com\" target=\"_blank\" rel=\"nofollow noopener\">info@synergiaacademy.com<\/a> adresine email g\u00f6ndererek SLCN Mesafeli Sat\u0131\u015f S\u00f6zle\u015fmesi ve SLCN Hizmet S\u00f6zle\u015fmeleri uyar\u0131nca ger\u00e7ekle\u015ftirebilirsiniz.<\/p>\n<div class=\"\"><\/div>\n<p class=\"svelte-121hp7c\" dir=\"auto\">S\u00f6zle\u015fme kapsam\u0131ndaki i\u015flemlere ili\u015fkin uyu\u015fmazl\u0131klarda, yetkili mahkeme SLCN\u2019in yerle\u015fim yeri olan Lefko\u015fa (KKTC) mahkemeleridir.<\/p>\n\n\t\t<\/div>\n\t<\/div>\n<\/div><\/div><\/div><\/div>\n<\/div>","protected":false},"excerpt":{"rendered":"Bu beyan www.synergiaacademy.com (SLCN DANI\u015eMANLIK YAZILIM DI\u015e T\u0130CARET FREE PORT LTD.)\u2019nin gizlilik politikas\u0131n\u0131 i\u00e7erir. SLCN DANI\u015eMANLIK YAZILIM DI\u015e T\u0130CARET FREE PORT LTD. adresi: \u015eehit Biray Mustafa Sokak No:11 Yeni\u015fehir Lefko\u015fa KKTC\u2019d\u0131r. www.synergiaacademy.com web sitesini ziyaret ederek a\u015fa\u011f\u0131daki \u015fartlar\u0131 ve kurallar\u0131...","protected":false},"author":1,"featured_media":0,"parent":0,"menu_order":0,"comment_status":"closed","ping_status":"closed","template":"","meta":{"footnotes":""},"class_list":["post-12085","page","type-page","status-publish","hentry"],"_hostinger_reach_plugin_has_subscription_block":false,"_hostinger_reach_plugin_is_elementor":false,"_links":{"self":[{"href":"https:\/\/synergiaacademy.com\/index.php?rest_route=\/wp\/v2\/pages\/12085","targetHints":{"allow":["GET"]}}],"collection":[{"href":"https:\/\/synergiaacademy.com\/index.php?rest_route=\/wp\/v2\/pages"}],"about":[{"href":"https:\/\/synergiaacademy.com\/index.php?rest_route=\/wp\/v2\/types\/page"}],"author":[{"embeddable":true,"href":"https:\/\/synergiaacademy.com\/index.php?rest_route=\/wp\/v2\/users\/1"}],"replies":[{"embeddable":true,"href":"https:\/\/synergiaacademy.com\/index.php?rest_route=%2Fwp%2Fv2%2Fcomments&post=12085"}],"version-history":[{"count":3,"href":"https:\/\/synergiaacademy.com\/index.php?rest_route=\/wp\/v2\/pages\/12085\/revisions"}],"predecessor-version":[{"id":12094,"href":"https:\/\/synergiaacademy.com\/index.php?rest_route=\/wp\/v2\/pages\/12085\/revisions\/12094"}],"wp:attachment":[{"href":"https:\/\/synergiaacademy.com\/index.php?rest_route=%2Fwp%2Fv2%2Fmedia&parent=12085"}],"curies":[{"name":"wp","href":"https:\/\/api.w.org\/{rel}","templated":true}]}}