{"id":12905,"date":"2026-02-10T15:42:27","date_gmt":"2026-02-10T15:42:27","guid":{"rendered":"https:\/\/synergiaacademy.com\/?post_type=product&#038;p=12905"},"modified":"2026-02-24T08:35:19","modified_gmt":"2026-02-24T08:35:19","slug":"verenel-tarama-sinyal-ve-egitim-grubu-uyeligi","status":"publish","type":"product","link":"https:\/\/synergiaacademy.com\/?product=verenel-tarama-sinyal-ve-egitim-grubu-uyeligi","title":{"rendered":"Verenel Tarama Sinyal ve E\u011fitim Grubu \u00dcyeli\u011fi"},"content":{"rendered":"<p data-path-to-node=\"0\"><b class=\"\" data-path-to-node=\"0\" data-index-in-node=\"0\">Verenel Tarama, Sinyal ve E\u011fitim Grubu<\/b><span class=\"\">,<\/span><span class=\"\"> genellikle teknik analiz uzman<\/span><span class=\"\"> ekip taraf\u0131ndan y\u00f6netilen,<\/span><span class=\"\">\u00a0finansal piyasalarda (Borsa \u0130stanbul,<\/span><span class=\"\">\u00a0Kripto Para,<\/span><span class=\"\">\u00a0Forex vb.<\/span><span class=\"\">) i\u015flem yapan yat\u0131r\u0131mc\u0131lara y\u00f6nelik profesyonel bir destek hizmetidir.\u00a0<\/span><\/p>\n<p data-path-to-node=\"1\"><span class=\"\">Bu hizmetin temel amac\u0131,<\/span><span class=\"\">\u00a0yat\u0131r\u0131mc\u0131lara bal\u0131k vermekten ziyade &#8220;bal\u0131k tutmay\u0131 \u00f6\u011fretmek&#8221; felsefesiyle teknik analiz e\u011fitimi vermek,<\/span><span class=\"\"> ancak ayn\u0131 zamanda zaman\u0131 k\u0131s\u0131tl\u0131 olanlar i\u00e7in algoritmik verilerle piyasa takibini kolayla\u015ft\u0131rmakt\u0131r. <\/span><\/p>\n","protected":false},"excerpt":{"rendered":"<p>Verenel Tarama, Sinyal ve E\u011fitim Grubu, genellikle teknik analiz uzman ekip taraf\u0131ndan y\u00f6netilen,\u00a0finansal piyasalarda (Borsa \u0130stanbul,\u00a0Kripto Para,\u00a0Forex vb.) i\u015flem yapan yat\u0131r\u0131mc\u0131lara y\u00f6nelik profesyonel bir destek hizmetidir.\u00a0 Bu hizmetin temel amac\u0131,\u00a0yat\u0131r\u0131mc\u0131lara bal\u0131k vermekten ziyade &#8220;bal\u0131k tutmay\u0131 \u00f6\u011fretmek&#8221; felsefesiyle teknik analiz e\u011fitimi&#8230;<\/p>\n","protected":false},"featured_media":12906,"template":"","meta":[],"product_brand":[],"product_cat":[264],"product_tag":[],"class_list":{"0":"post-12905","1":"product","2":"type-product","3":"status-publish","4":"has-post-thumbnail","6":"product_cat-teknik-analiz-setleri","8":"first","9":"instock","10":"sale","11":"virtual","12":"purchasable","13":"product-type-simple"},"_links":{"self":[{"href":"https:\/\/synergiaacademy.com\/index.php?rest_route=\/wp\/v2\/product\/12905","targetHints":{"allow":["GET"]}}],"collection":[{"href":"https:\/\/synergiaacademy.com\/index.php?rest_route=\/wp\/v2\/product"}],"about":[{"href":"https:\/\/synergiaacademy.com\/index.php?rest_route=\/wp\/v2\/types\/product"}],"wp:featuredmedia":[{"embeddable":true,"href":"https:\/\/synergiaacademy.com\/index.php?rest_route=\/wp\/v2\/media\/12906"}],"wp:attachment":[{"href":"https:\/\/synergiaacademy.com\/index.php?rest_route=%2Fwp%2Fv2%2Fmedia&parent=12905"}],"wp:term":[{"taxonomy":"product_brand","embeddable":true,"href":"https:\/\/synergiaacademy.com\/index.php?rest_route=%2Fwp%2Fv2%2Fproduct_brand&post=12905"},{"taxonomy":"product_cat","embeddable":true,"href":"https:\/\/synergiaacademy.com\/index.php?rest_route=%2Fwp%2Fv2%2Fproduct_cat&post=12905"},{"taxonomy":"product_tag","embeddable":true,"href":"https:\/\/synergiaacademy.com\/index.php?rest_route=%2Fwp%2Fv2%2Fproduct_tag&post=12905"}],"curies":[{"name":"wp","href":"https:\/\/api.w.org\/{rel}","templated":true}]}}