{"id":12909,"date":"2026-02-10T15:54:34","date_gmt":"2026-02-10T15:54:34","guid":{"rendered":"https:\/\/synergiaacademy.com\/?post_type=product&#038;p=12909"},"modified":"2026-02-11T15:05:35","modified_gmt":"2026-02-11T15:05:35","slug":"yatirim-enstitusu-online-egitim-grubu","status":"publish","type":"product","link":"https:\/\/synergiaacademy.com\/?product=yatirim-enstitusu-online-egitim-grubu","title":{"rendered":"Yat\u0131r\u0131m Enstit\u00fcs\u00fc Online E\u011fitim Grubu"},"content":{"rendered":"<p><b data-path-to-node=\"0\" data-index-in-node=\"0\">Yat\u0131r\u0131m Enstit\u00fcs\u00fc<\/b>, T\u00fcrkiye&#8217;de finansal okuryazarl\u0131k ve \u00f6zellikle\u00a0<b data-path-to-node=\"0\" data-index-in-node=\"65\">Algoritmik Trade (Robotik \u0130\u015flem)<\/b>\u00a0denildi\u011finde akla gelen ilk ve en prestijli olu\u015fumlardan biridir. Bu grup, genellikle\u00a0<b data-path-to-node=\"0\" data-index-in-node=\"184\">\u00d6zkan Filiz<\/b>\u00a0hocan\u0131n \u00f6nc\u00fcl\u00fc\u011f\u00fcnde, teknik analizi bir &#8220;m\u00fchendislik disiplini&#8221; ile ele alan bir e\u011fitim platformudur.<\/p>\n<div class=\"container\">\n<div id=\"model-response-message-contentr_863a4338f79184d9\" class=\"markdown markdown-main-panel stronger enable-updated-hr-color\" dir=\"ltr\" aria-live=\"off\" aria-busy=\"false\">\n<p data-path-to-node=\"1\"><strong>S<\/strong><b data-path-to-node=\"1\" data-index-in-node=\"57\">ubjektif (ki\u015fisel yoruma dayal\u0131) \u00e7izgilerden ziyade, objektif (matemati\u011fe ve koda dayal\u0131) sistemlere<\/b> odaklanmas\u0131d\u0131r.<\/p>\n<\/div>\n<p data-path-to-node=\"5\">Yat\u0131r\u0131m Enstit\u00fcs\u00fc&#8217;n\u00fcn mottosu genellikle &#8220;Duygular\u0131n\u0131z\u0131 de\u011fil, sisteminizi y\u00f6netin&#8221; \u015feklindedir.<\/p>\n<ul data-path-to-node=\"6\">\n<li>\n<p data-path-to-node=\"6,0,0\"><b data-path-to-node=\"6,0,0\" data-index-in-node=\"0\">Subjektif Analize Ret:<\/b> &#8220;Bence buras\u0131 destek&#8221; demek yerine, &#8220;Son 20 g\u00fcn\u00fcn ortalamas\u0131 matematiksel olarak buras\u0131d\u0131r&#8221; der.<\/p>\n<\/li>\n<li>\n<p data-path-to-node=\"6,1,0\"><b data-path-to-node=\"6,1,0\" data-index-in-node=\"0\">Backtest (Geriye D\u00f6n\u00fck Test):<\/b> Bir stratejinin ge\u00e7mi\u015fte kazand\u0131r\u0131p kazand\u0131rmad\u0131\u011f\u0131n\u0131 test etmeden (bilimsel kan\u0131t olmadan) o stratejiyle i\u015flem yap\u0131lmaz.<\/p>\n<\/li>\n<li>\n<p data-path-to-node=\"6,2,0\"><b data-path-to-node=\"6,2,0\" data-index-in-node=\"0\">S\u00fcrd\u00fcr\u00fclebilirlik:<\/b> Ba\u015far\u0131 \u015fansa de\u011fil, istatisti\u011fe dayand\u0131r\u0131l\u0131r.<\/p>\n<\/li>\n<\/ul>\n<p><b data-path-to-node=\"26\" data-index-in-node=\"0\">Yat\u0131r\u0131m Enstit\u00fcs\u00fc;<\/b> borsay\u0131 bir oyun veya tahmin yeri olarak de\u011fil, bir <b data-path-to-node=\"26\" data-index-in-node=\"71\">veri bilimi ve olas\u0131l\u0131k hesab\u0131<\/b> alan\u0131 olarak g\u00f6renler i\u00e7in bir <b data-path-to-node=\"26\" data-index-in-node=\"133\">laboratuvar<\/b> niteli\u011findedir. Burada bal\u0131k tutmay\u0131 de\u011fil, <b data-path-to-node=\"26\" data-index-in-node=\"189\">bal\u0131k tutan gemiyi in\u015fa etmeyi<\/b> \u00f6\u011frenirsiniz.<\/p>\n<\/div>\n","protected":false},"excerpt":{"rendered":"<p>Yat\u0131r\u0131m Enstit\u00fcs\u00fc, T\u00fcrkiye&#8217;de finansal okuryazarl\u0131k ve \u00f6zellikle\u00a0Algoritmik Trade (Robotik \u0130\u015flem)\u00a0denildi\u011finde akla gelen ilk ve en prestijli olu\u015fumlardan biridir. Bu grup, genellikle\u00a0\u00d6zkan Filiz\u00a0hocan\u0131n \u00f6nc\u00fcl\u00fc\u011f\u00fcnde, teknik analizi bir &#8220;m\u00fchendislik disiplini&#8221; ile ele alan bir e\u011fitim platformudur. Subjektif (ki\u015fisel yoruma dayal\u0131) \u00e7izgilerden ziyade,&#8230;<\/p>\n","protected":false},"featured_media":12910,"template":"","meta":[],"product_brand":[],"product_cat":[264],"product_tag":[],"class_list":{"0":"post-12909","1":"product","2":"type-product","3":"status-publish","4":"has-post-thumbnail","6":"product_cat-teknik-analiz-setleri","8":"first","9":"instock","10":"sale","11":"shipping-taxable","12":"purchasable","13":"product-type-simple"},"_links":{"self":[{"href":"https:\/\/synergiaacademy.com\/index.php?rest_route=\/wp\/v2\/product\/12909","targetHints":{"allow":["GET"]}}],"collection":[{"href":"https:\/\/synergiaacademy.com\/index.php?rest_route=\/wp\/v2\/product"}],"about":[{"href":"https:\/\/synergiaacademy.com\/index.php?rest_route=\/wp\/v2\/types\/product"}],"wp:featuredmedia":[{"embeddable":true,"href":"https:\/\/synergiaacademy.com\/index.php?rest_route=\/wp\/v2\/media\/12910"}],"wp:attachment":[{"href":"https:\/\/synergiaacademy.com\/index.php?rest_route=%2Fwp%2Fv2%2Fmedia&parent=12909"}],"wp:term":[{"taxonomy":"product_brand","embeddable":true,"href":"https:\/\/synergiaacademy.com\/index.php?rest_route=%2Fwp%2Fv2%2Fproduct_brand&post=12909"},{"taxonomy":"product_cat","embeddable":true,"href":"https:\/\/synergiaacademy.com\/index.php?rest_route=%2Fwp%2Fv2%2Fproduct_cat&post=12909"},{"taxonomy":"product_tag","embeddable":true,"href":"https:\/\/synergiaacademy.com\/index.php?rest_route=%2Fwp%2Fv2%2Fproduct_tag&post=12909"}],"curies":[{"name":"wp","href":"https:\/\/api.w.org\/{rel}","templated":true}]}}